{"id":2,"date":"2023-04-13T23:47:13","date_gmt":"2023-04-14T02:47:13","guid":{"rendered":"https:\/\/naaloo.com\/wordpress\/?page_id=2"},"modified":"2025-05-12T12:12:07","modified_gmt":"2025-05-12T15:12:07","slug":"pagina-ejemplo","status":"publish","type":"page","link":"https:\/\/naaloo.com\/en\/pagina-ejemplo\/","title":{"rendered":"P\u00e1gina de ejemplo"},"content":{"rendered":"<div data-elementor-type=\"wp-page\" data-elementor-id=\"2\" class=\"elementor elementor-2\" data-elementor-post-type=\"page\">\n\t\t\t\t<div class=\"elementor-element elementor-element-2b050012 e-flex e-con-boxed e-con e-parent\" data-id=\"2b050012\" data-element_type=\"container\" data-e-type=\"container\">\n\t\t\t\t\t<div class=\"e-con-inner\">\n\t\t\t\t<div class=\"elementor-element elementor-element-1344f23e elementor-widget elementor-widget-text-editor\" data-id=\"1344f23e\" data-element_type=\"widget\" data-e-type=\"widget\" data-widget_type=\"text-editor.default\">\n\t\t\t\t<div class=\"elementor-widget-container\">\n\t\t\t\t\t\t\t\t\t\n<p>Esta es una p\u00e1gina de ejemplo. Es diferente a una entrada del blog porque permanecer\u00e1 en un solo lugar y aparecer\u00e1 en la navegaci\u00f3n de tu sitio (en la mayor\u00eda de los temas). La mayor\u00eda de las personas comienzan con una p\u00e1gina &#8220;Acerca de&#8221; que los presenta a los visitantes potenciales del sitio. Podr\u00edas decir algo as\u00ed:<\/p>\n\n\n\n<blockquote class=\"wp-block-quote is-layout-flow wp-block-quote-is-layout-flow\"><p>\u00a1Hola! Soy mensajero en bicicleta de d\u00eda, actor aspirante de noche, y esta es mi p\u00e1gina web. Vivo en Los \u00c1ngeles, tengo un gran perro llamado Jack, y me gustan las pi\u00f1as coladas. (Y ser atrapado por la lluvia.)<\/p><\/blockquote>\n\n\n\n<p>&#8230;o algo como esto:<\/p>\n\n\n\n<blockquote class=\"wp-block-quote is-layout-flow wp-block-quote-is-layout-flow\"><p>La compa\u00f1ia XYZ Trasto fue fundada en 1971, y provee trastos de calidad para el p\u00fablico desde entonces. Ubicado en Ciudad G\u00f3tica, XYZ le da empleo a m\u00e1s de 2000 personas y hace todo tipo de cosas asombrosas para la comunidad de G\u00f3tica.<\/p><\/blockquote>\n\n\n\n<p>Como nuevo usuario de WordPress, deber\u00edas dirigirte a <a href=\"https:\/\/naaloo.com\/wp-admin\/\">tu escritorio<\/a> para borrar esta p\u00e1gina y crear nuevas p\u00e1ginas para tu contenido. \u00a1Divertite!<\/p>\n\t\t\t\t\t\t\t\t<\/div>\n\t\t\t\t<\/div>\n\t\t\t\t\t<\/div>\n\t\t\t\t<\/div>\n\t\t<div class=\"elementor-element elementor-element-834ed6b e-flex e-con-boxed e-con e-parent\" data-id=\"834ed6b\" data-element_type=\"container\" data-e-type=\"container\">\n\t\t\t\t\t<div class=\"e-con-inner\">\n\t\t\t\t<div class=\"elementor-element elementor-element-bc582ec elementor-grid-3 elementor-grid-tablet-2 elementor-grid-mobile-1 elementor-posts--thumbnail-top elementor-posts--show-avatar elementor-card-shadow-yes elementor-posts__hover-gradient load-more-align-center elementor-widget elementor-widget-posts\" data-id=\"bc582ec\" data-element_type=\"widget\" data-e-type=\"widget\" data-settings=\"{&quot;pagination_type&quot;:&quot;load_more_on_click&quot;,&quot;cards_columns&quot;:&quot;3&quot;,&quot;cards_columns_tablet&quot;:&quot;2&quot;,&quot;cards_columns_mobile&quot;:&quot;1&quot;,&quot;cards_row_gap&quot;:{&quot;unit&quot;:&quot;px&quot;,&quot;size&quot;:35,&quot;sizes&quot;:[]},&quot;cards_row_gap_widescreen&quot;:{&quot;unit&quot;:&quot;px&quot;,&quot;size&quot;:&quot;&quot;,&quot;sizes&quot;:[]},&quot;cards_row_gap_laptop&quot;:{&quot;unit&quot;:&quot;px&quot;,&quot;size&quot;:&quot;&quot;,&quot;sizes&quot;:[]},&quot;cards_row_gap_tablet&quot;:{&quot;unit&quot;:&quot;px&quot;,&quot;size&quot;:&quot;&quot;,&quot;sizes&quot;:[]},&quot;cards_row_gap_mobile&quot;:{&quot;unit&quot;:&quot;px&quot;,&quot;size&quot;:&quot;&quot;,&quot;sizes&quot;:[]},&quot;load_more_spinner&quot;:{&quot;value&quot;:&quot;fas fa-spinner&quot;,&quot;library&quot;:&quot;fa-solid&quot;}}\" data-widget_type=\"posts.cards\">\n\t\t\t\t<div class=\"elementor-widget-container\">\n\t\t\t\t\t\t\t<div class=\"elementor-posts-container elementor-posts elementor-posts--skin-cards elementor-grid\" role=\"list\">\n\t\t\t\t<article class=\"elementor-post elementor-grid-item post-18224 post type-post status-publish format-standard has-post-thumbnail hentry category-noticias\" role=\"listitem\">\n\t\t\t<div class=\"elementor-post__card\">\n\t\t\t\t<a class=\"elementor-post__thumbnail__link\" href=\"https:\/\/naaloo.com\/en\/recibos-digitales-con-la-reforma-laboral-2026\/\" tabindex=\"-1\"><div class=\"elementor-post__thumbnail\"><img decoding=\"async\" width=\"300\" height=\"150\" src=\"https:\/\/naaloo.com\/wp-content\/uploads\/2026\/04\/recibos-digitales-reforma-laboral-300x150.png\" class=\"attachment-medium size-medium wp-image-18225\" alt=\"C\u00f3mo contar con recibos digitales seg\u00fan la reforma laboral argentina 2026\" srcset=\"https:\/\/naaloo.com\/wp-content\/uploads\/2026\/04\/recibos-digitales-reforma-laboral-300x150.png 300w, https:\/\/naaloo.com\/wp-content\/uploads\/2026\/04\/recibos-digitales-reforma-laboral-1024x512.png 1024w, https:\/\/naaloo.com\/wp-content\/uploads\/2026\/04\/recibos-digitales-reforma-laboral-768x384.png 768w, https:\/\/naaloo.com\/wp-content\/uploads\/2026\/04\/recibos-digitales-reforma-laboral-1536x768.png 1536w, https:\/\/naaloo.com\/wp-content\/uploads\/2026\/04\/recibos-digitales-reforma-laboral-18x9.png 18w, https:\/\/naaloo.com\/wp-content\/uploads\/2026\/04\/recibos-digitales-reforma-laboral.png 1600w\" sizes=\"(max-width: 300px) 100vw, 300px\" \/><\/div><\/a>\n\t\t\t\t<div class=\"elementor-post__badge\">Noticias<\/div>\n\t\t\t\t<div class=\"elementor-post__avatar\">\n\t\t\t<img alt='Naaloo Staff' src='https:\/\/secure.gravatar.com\/avatar\/f673d605c2df585409c8965cc88d9e3070244afce212882b100effe17c95ed25?s=128&#038;d=mm&#038;r=g' srcset='https:\/\/secure.gravatar.com\/avatar\/f673d605c2df585409c8965cc88d9e3070244afce212882b100effe17c95ed25?s=256&#038;d=mm&#038;r=g 2x' class='avatar avatar-128 photo' height='128' width='128' \/>\t\t<\/div>\n\t\t\t\t<div class=\"elementor-post__text\">\n\t\t\t\t<h3 class=\"elementor-post__title\">\n\t\t\t<a href=\"https:\/\/naaloo.com\/en\/recibos-digitales-con-la-reforma-laboral-2026\/\">\n\t\t\t\tRecibos digitales con la reforma laboral 2026: simple\t\t\t<\/a>\n\t\t<\/h3>\n\t\t\t\t<div class=\"elementor-post__excerpt\">\n\t\t\t<p>La nueva normativa de 2026 exige transparencia total en las liquidaciones salariales, transformando la forma en que los colaboradores visualizan sus ingresos mensuales. Gestionar tus<\/p>\n\t\t<\/div>\n\t\t\t\t\t<div class=\"elementor-post__read-more-wrapper\">\n\t\t\n\t\t<a class=\"elementor-post__read-more\" href=\"https:\/\/naaloo.com\/en\/recibos-digitales-con-la-reforma-laboral-2026\/\" aria-label=\"Read more about Recibos digitales con la reforma laboral 2026: simple\" tabindex=\"-1\">\n\t\t\tLeer m\u00e1s \u00bb\t\t<\/a>\n\n\t\t\t\t\t<\/div>\n\t\t\t\t<\/div>\n\t\t\t\t\t<\/div>\n\t\t<\/article>\n\t\t\t\t<article class=\"elementor-post elementor-grid-item post-18299 post type-post status-publish format-standard has-post-thumbnail hentry category-noticias\" role=\"listitem\">\n\t\t\t<div class=\"elementor-post__card\">\n\t\t\t\t<a class=\"elementor-post__thumbnail__link\" href=\"https:\/\/naaloo.com\/en\/reforma-laboral-en-pymes-como-impacta-y-que-debes-cambiar\/\" tabindex=\"-1\"><div class=\"elementor-post__thumbnail\"><img fetchpriority=\"high\" decoding=\"async\" width=\"300\" height=\"169\" src=\"https:\/\/naaloo.com\/wp-content\/uploads\/2026\/04\/reforma-laboral-pymes-300x169.png\" class=\"attachment-medium size-medium wp-image-18332\" alt=\"reforma-laboral-pymes\" srcset=\"https:\/\/naaloo.com\/wp-content\/uploads\/2026\/04\/reforma-laboral-pymes-300x169.png 300w, https:\/\/naaloo.com\/wp-content\/uploads\/2026\/04\/reforma-laboral-pymes-1024x576.png 1024w, https:\/\/naaloo.com\/wp-content\/uploads\/2026\/04\/reforma-laboral-pymes-768x432.png 768w, https:\/\/naaloo.com\/wp-content\/uploads\/2026\/04\/reforma-laboral-pymes-1536x864.png 1536w, https:\/\/naaloo.com\/wp-content\/uploads\/2026\/04\/reforma-laboral-pymes-18x10.png 18w, https:\/\/naaloo.com\/wp-content\/uploads\/2026\/04\/reforma-laboral-pymes.png 1601w\" sizes=\"(max-width: 300px) 100vw, 300px\" \/><\/div><\/a>\n\t\t\t\t<div class=\"elementor-post__badge\">Noticias<\/div>\n\t\t\t\t<div class=\"elementor-post__avatar\">\n\t\t\t<img alt='Naaloo Staff' src='https:\/\/secure.gravatar.com\/avatar\/f673d605c2df585409c8965cc88d9e3070244afce212882b100effe17c95ed25?s=128&#038;d=mm&#038;r=g' srcset='https:\/\/secure.gravatar.com\/avatar\/f673d605c2df585409c8965cc88d9e3070244afce212882b100effe17c95ed25?s=256&#038;d=mm&#038;r=g 2x' class='avatar avatar-128 photo' height='128' width='128' \/>\t\t<\/div>\n\t\t\t\t<div class=\"elementor-post__text\">\n\t\t\t\t<h3 class=\"elementor-post__title\">\n\t\t\t<a href=\"https:\/\/naaloo.com\/en\/reforma-laboral-en-pymes-como-impacta-y-que-debes-cambiar\/\">\n\t\t\t\tReforma Laboral en pymes: \u00bfC\u00f3mo impacta y qu\u00e9 debes cambiar?\t\t\t<\/a>\n\t\t<\/h3>\n\t\t\t\t<div class=\"elementor-post__excerpt\">\n\t\t\t<p>La Reforma Laboral en pymes exige despedirse de los procesos manuales que asfixian tu tiempo. Esta normativa actualiza reglas y exige una trazabilidad absoluta, obligando<\/p>\n\t\t<\/div>\n\t\t\t\t\t<div class=\"elementor-post__read-more-wrapper\">\n\t\t\n\t\t<a class=\"elementor-post__read-more\" href=\"https:\/\/naaloo.com\/en\/reforma-laboral-en-pymes-como-impacta-y-que-debes-cambiar\/\" aria-label=\"Read more about Reforma Laboral en pymes: \u00bfC\u00f3mo impacta y qu\u00e9 debes cambiar?\" tabindex=\"-1\">\n\t\t\tLeer m\u00e1s \u00bb\t\t<\/a>\n\n\t\t\t\t\t<\/div>\n\t\t\t\t<\/div>\n\t\t\t\t\t<\/div>\n\t\t<\/article>\n\t\t\t\t<article class=\"elementor-post elementor-grid-item post-18148 post type-post status-publish format-standard has-post-thumbnail hentry category-mexico\" role=\"listitem\">\n\t\t\t<div class=\"elementor-post__card\">\n\t\t\t\t<a class=\"elementor-post__thumbnail__link\" href=\"https:\/\/naaloo.com\/en\/como-aplicar-la-nueva-ley-de-trabajo-de-mexico\/\" tabindex=\"-1\"><div class=\"elementor-post__thumbnail\"><img decoding=\"async\" width=\"300\" height=\"171\" src=\"https:\/\/naaloo.com\/wp-content\/uploads\/2026\/04\/nueva-ley-laboral-mexico-300x171.png\" class=\"attachment-medium size-medium wp-image-18149\" alt=\"nueva-ley-laboral-mexico\" srcset=\"https:\/\/naaloo.com\/wp-content\/uploads\/2026\/04\/nueva-ley-laboral-mexico-300x171.png 300w, https:\/\/naaloo.com\/wp-content\/uploads\/2026\/04\/nueva-ley-laboral-mexico-1024x585.png 1024w, https:\/\/naaloo.com\/wp-content\/uploads\/2026\/04\/nueva-ley-laboral-mexico-768x439.png 768w, https:\/\/naaloo.com\/wp-content\/uploads\/2026\/04\/nueva-ley-laboral-mexico-18x10.png 18w, https:\/\/naaloo.com\/wp-content\/uploads\/2026\/04\/nueva-ley-laboral-mexico.png 1344w\" sizes=\"(max-width: 300px) 100vw, 300px\" \/><\/div><\/a>\n\t\t\t\t<div class=\"elementor-post__badge\">Mexico<\/div>\n\t\t\t\t<div class=\"elementor-post__avatar\">\n\t\t\t<img alt='Naaloo Staff' src='https:\/\/secure.gravatar.com\/avatar\/f673d605c2df585409c8965cc88d9e3070244afce212882b100effe17c95ed25?s=128&#038;d=mm&#038;r=g' srcset='https:\/\/secure.gravatar.com\/avatar\/f673d605c2df585409c8965cc88d9e3070244afce212882b100effe17c95ed25?s=256&#038;d=mm&#038;r=g 2x' class='avatar avatar-128 photo' height='128' width='128' \/>\t\t<\/div>\n\t\t\t\t<div class=\"elementor-post__text\">\n\t\t\t\t<h3 class=\"elementor-post__title\">\n\t\t\t<a href=\"https:\/\/naaloo.com\/en\/como-aplicar-la-nueva-ley-de-trabajo-de-mexico\/\">\n\t\t\t\t\u00bfC\u00f3mo aplicar la nueva ley de trabajo de M\u00e9xico?\t\t\t<\/a>\n\t\t<\/h3>\n\t\t\t\t<div class=\"elementor-post__excerpt\">\n\t\t\t<p>Gestionar planillas interminables de Excel mientras intentas cumplir con la normativa vigente es una receta segura para el agotamiento profesional. Sabemos que adaptar tu empresa<\/p>\n\t\t<\/div>\n\t\t\t\t\t<div class=\"elementor-post__read-more-wrapper\">\n\t\t\n\t\t<a class=\"elementor-post__read-more\" href=\"https:\/\/naaloo.com\/en\/como-aplicar-la-nueva-ley-de-trabajo-de-mexico\/\" aria-label=\"Read more about \u00bfC\u00f3mo aplicar la nueva ley de trabajo de M\u00e9xico?\" tabindex=\"-1\">\n\t\t\tLeer m\u00e1s \u00bb\t\t<\/a>\n\n\t\t\t\t\t<\/div>\n\t\t\t\t<\/div>\n\t\t\t\t\t<\/div>\n\t\t<\/article>\n\t\t\t\t<article class=\"elementor-post elementor-grid-item post-18100 post type-post status-publish format-standard has-post-thumbnail hentry category-recursos-humanos\" role=\"listitem\">\n\t\t\t<div class=\"elementor-post__card\">\n\t\t\t\t<a class=\"elementor-post__thumbnail__link\" href=\"https:\/\/naaloo.com\/en\/dex-y-people-experience-5-tips-para-transformar-tu-pyme\/\" tabindex=\"-1\"><div class=\"elementor-post__thumbnail\"><img loading=\"lazy\" decoding=\"async\" width=\"300\" height=\"150\" src=\"https:\/\/naaloo.com\/wp-content\/uploads\/2026\/03\/People-experience-Digital-300x150.jpg\" class=\"attachment-medium size-medium wp-image-18104\" alt=\"People-experience-Digital\" srcset=\"https:\/\/naaloo.com\/wp-content\/uploads\/2026\/03\/People-experience-Digital-300x150.jpg 300w, https:\/\/naaloo.com\/wp-content\/uploads\/2026\/03\/People-experience-Digital-1024x512.jpg 1024w, https:\/\/naaloo.com\/wp-content\/uploads\/2026\/03\/People-experience-Digital-768x384.jpg 768w, https:\/\/naaloo.com\/wp-content\/uploads\/2026\/03\/People-experience-Digital-1536x768.jpg 1536w, https:\/\/naaloo.com\/wp-content\/uploads\/2026\/03\/People-experience-Digital-18x9.jpg 18w, https:\/\/naaloo.com\/wp-content\/uploads\/2026\/03\/People-experience-Digital.jpg 1600w\" sizes=\"(max-width: 300px) 100vw, 300px\" \/><\/div><\/a>\n\t\t\t\t<div class=\"elementor-post__badge\">Human Resources<\/div>\n\t\t\t\t<div class=\"elementor-post__avatar\">\n\t\t\t<img alt='Naaloo Staff' src='https:\/\/secure.gravatar.com\/avatar\/f673d605c2df585409c8965cc88d9e3070244afce212882b100effe17c95ed25?s=128&#038;d=mm&#038;r=g' srcset='https:\/\/secure.gravatar.com\/avatar\/f673d605c2df585409c8965cc88d9e3070244afce212882b100effe17c95ed25?s=256&#038;d=mm&#038;r=g 2x' class='avatar avatar-128 photo' height='128' width='128' \/>\t\t<\/div>\n\t\t\t\t<div class=\"elementor-post__text\">\n\t\t\t\t<h3 class=\"elementor-post__title\">\n\t\t\t<a href=\"https:\/\/naaloo.com\/en\/dex-y-people-experience-5-tips-para-transformar-tu-pyme\/\">\n\t\t\t\tDEX y People Experience: 5 tips para transformar tu pyme\t\t\t<\/a>\n\t\t<\/h3>\n\t\t\t\t<div class=\"elementor-post__excerpt\">\n\t\t\t<p>Gestionar el talento con planillas manuales es un dolor constante que frena el crecimiento de tu empresa. Perder tiempo en tareas repetitivas agota a tu<\/p>\n\t\t<\/div>\n\t\t\t\t\t<div class=\"elementor-post__read-more-wrapper\">\n\t\t\n\t\t<a class=\"elementor-post__read-more\" href=\"https:\/\/naaloo.com\/en\/dex-y-people-experience-5-tips-para-transformar-tu-pyme\/\" aria-label=\"Read more about DEX y People Experience: 5 tips para transformar tu pyme\" tabindex=\"-1\">\n\t\t\tLeer m\u00e1s \u00bb\t\t<\/a>\n\n\t\t\t\t\t<\/div>\n\t\t\t\t<\/div>\n\t\t\t\t\t<\/div>\n\t\t<\/article>\n\t\t\t\t<article class=\"elementor-post elementor-grid-item post-18032 post type-post status-publish format-standard has-post-thumbnail hentry category-evaluacion-de-desempeno\" role=\"listitem\">\n\t\t\t<div class=\"elementor-post__card\">\n\t\t\t\t<a class=\"elementor-post__thumbnail__link\" href=\"https:\/\/naaloo.com\/en\/el-mito-del-feedback-360-por-que-mas-encuestas-no-significan-mejor-desempeno\/\" tabindex=\"-1\"><div class=\"elementor-post__thumbnail\"><img loading=\"lazy\" decoding=\"async\" width=\"300\" height=\"150\" src=\"https:\/\/naaloo.com\/wp-content\/uploads\/2026\/03\/mito-360-grados-evaluaciones-de-desemeno-300x150.jpg\" class=\"attachment-medium size-medium wp-image-18033\" alt=\"mito-360-grados-evaluaciones-de-desemeno\" srcset=\"https:\/\/naaloo.com\/wp-content\/uploads\/2026\/03\/mito-360-grados-evaluaciones-de-desemeno-300x150.jpg 300w, https:\/\/naaloo.com\/wp-content\/uploads\/2026\/03\/mito-360-grados-evaluaciones-de-desemeno-1024x512.jpg 1024w, https:\/\/naaloo.com\/wp-content\/uploads\/2026\/03\/mito-360-grados-evaluaciones-de-desemeno-768x384.jpg 768w, https:\/\/naaloo.com\/wp-content\/uploads\/2026\/03\/mito-360-grados-evaluaciones-de-desemeno-1536x768.jpg 1536w, https:\/\/naaloo.com\/wp-content\/uploads\/2026\/03\/mito-360-grados-evaluaciones-de-desemeno-18x9.jpg 18w, https:\/\/naaloo.com\/wp-content\/uploads\/2026\/03\/mito-360-grados-evaluaciones-de-desemeno.jpg 1600w\" sizes=\"(max-width: 300px) 100vw, 300px\" \/><\/div><\/a>\n\t\t\t\t<div class=\"elementor-post__badge\">Evaluaci\u00f3n de Desempe\u00f1o<\/div>\n\t\t\t\t<div class=\"elementor-post__avatar\">\n\t\t\t<img alt='Naaloo Staff' src='https:\/\/secure.gravatar.com\/avatar\/f673d605c2df585409c8965cc88d9e3070244afce212882b100effe17c95ed25?s=128&#038;d=mm&#038;r=g' srcset='https:\/\/secure.gravatar.com\/avatar\/f673d605c2df585409c8965cc88d9e3070244afce212882b100effe17c95ed25?s=256&#038;d=mm&#038;r=g 2x' class='avatar avatar-128 photo' height='128' width='128' \/>\t\t<\/div>\n\t\t\t\t<div class=\"elementor-post__text\">\n\t\t\t\t<h3 class=\"elementor-post__title\">\n\t\t\t<a href=\"https:\/\/naaloo.com\/en\/el-mito-del-feedback-360-por-que-mas-encuestas-no-significan-mejor-desempeno\/\">\n\t\t\t\tEl Mito del Feedback 360\u00b0: Por qu\u00e9 m\u00e1s encuestas no significan mejor desempe\u00f1o\t\t\t<\/a>\n\t\t<\/h3>\n\t\t\t\t<div class=\"elementor-post__excerpt\">\n\t\t\t<p>Durante a&ntilde;os, la evaluaci&oacute;n de 360&deg; grados se vendi&oacute; como el est&aacute;ndar de oro (el famoso Golden Standard) en la gesti&oacute;n de Recursos Humanos. La<\/p>\n\t\t<\/div>\n\t\t\t\t\t<div class=\"elementor-post__read-more-wrapper\">\n\t\t\n\t\t<a class=\"elementor-post__read-more\" href=\"https:\/\/naaloo.com\/en\/el-mito-del-feedback-360-por-que-mas-encuestas-no-significan-mejor-desempeno\/\" aria-label=\"Read more about El Mito del Feedback 360\u00b0: Por qu\u00e9 m\u00e1s encuestas no significan mejor desempe\u00f1o\" tabindex=\"-1\">\n\t\t\tLeer m\u00e1s \u00bb\t\t<\/a>\n\n\t\t\t\t\t<\/div>\n\t\t\t\t<\/div>\n\t\t\t\t\t<\/div>\n\t\t<\/article>\n\t\t\t\t<article class=\"elementor-post elementor-grid-item post-18014 post type-post status-publish format-standard has-post-thumbnail hentry category-noticias\" role=\"listitem\">\n\t\t\t<div class=\"elementor-post__card\">\n\t\t\t\t<a class=\"elementor-post__thumbnail__link\" href=\"https:\/\/naaloo.com\/en\/20-respuestas-sobre-la-reforma-laboral-2026\/\" tabindex=\"-1\"><div class=\"elementor-post__thumbnail\"><img loading=\"lazy\" decoding=\"async\" width=\"300\" height=\"150\" src=\"https:\/\/naaloo.com\/wp-content\/uploads\/2026\/03\/reforma-laboral-recursos-humanos-300x150.jpg\" class=\"attachment-medium size-medium wp-image-18026\" alt=\"Reforma laboral recursos humanos\" srcset=\"https:\/\/naaloo.com\/wp-content\/uploads\/2026\/03\/reforma-laboral-recursos-humanos-300x150.jpg 300w, https:\/\/naaloo.com\/wp-content\/uploads\/2026\/03\/reforma-laboral-recursos-humanos-1024x512.jpg 1024w, https:\/\/naaloo.com\/wp-content\/uploads\/2026\/03\/reforma-laboral-recursos-humanos-768x384.jpg 768w, https:\/\/naaloo.com\/wp-content\/uploads\/2026\/03\/reforma-laboral-recursos-humanos-1536x768.jpg 1536w, https:\/\/naaloo.com\/wp-content\/uploads\/2026\/03\/reforma-laboral-recursos-humanos-18x9.jpg 18w, https:\/\/naaloo.com\/wp-content\/uploads\/2026\/03\/reforma-laboral-recursos-humanos.jpg 1600w\" sizes=\"(max-width: 300px) 100vw, 300px\" \/><\/div><\/a>\n\t\t\t\t<div class=\"elementor-post__badge\">Noticias<\/div>\n\t\t\t\t<div class=\"elementor-post__avatar\">\n\t\t\t<img alt='Naaloo Staff' src='https:\/\/secure.gravatar.com\/avatar\/f673d605c2df585409c8965cc88d9e3070244afce212882b100effe17c95ed25?s=128&#038;d=mm&#038;r=g' srcset='https:\/\/secure.gravatar.com\/avatar\/f673d605c2df585409c8965cc88d9e3070244afce212882b100effe17c95ed25?s=256&#038;d=mm&#038;r=g 2x' class='avatar avatar-128 photo' height='128' width='128' \/>\t\t<\/div>\n\t\t\t\t<div class=\"elementor-post__text\">\n\t\t\t\t<h3 class=\"elementor-post__title\">\n\t\t\t<a href=\"https:\/\/naaloo.com\/en\/20-respuestas-sobre-la-reforma-laboral-2026\/\">\n\t\t\t\t+20 respuestas sobre la Reforma Laboral 2026\t\t\t<\/a>\n\t\t<\/h3>\n\t\t\t\t<div class=\"elementor-post__excerpt\">\n\t\t\t<p>Para entender qu&eacute; implica realmente la reforma laboral 2026 en materia de digitalizaci&oacute;n, conversamos con Francisco Costa. En este intercambio, explica de forma clara por<\/p>\n\t\t<\/div>\n\t\t\t\t\t<div class=\"elementor-post__read-more-wrapper\">\n\t\t\n\t\t<a class=\"elementor-post__read-more\" href=\"https:\/\/naaloo.com\/en\/20-respuestas-sobre-la-reforma-laboral-2026\/\" aria-label=\"Read more about +20 respuestas sobre la Reforma Laboral 2026\" tabindex=\"-1\">\n\t\t\tLeer m\u00e1s \u00bb\t\t<\/a>\n\n\t\t\t\t\t<\/div>\n\t\t\t\t<\/div>\n\t\t\t\t\t<\/div>\n\t\t<\/article>\n\t\t\t\t<\/div>\n\t\t\t\t\t<span class=\"e-load-more-spinner\">\n\t\t\t\t<i aria-hidden=\"true\" class=\"fas fa-spinner\"><\/i>\t\t\t<\/span>\n\t\t\n\t\t\t\t<div class=\"e-load-more-anchor\" data-page=\"1\" data-max-page=\"17\" data-next-page=\"https:\/\/naaloo.com\/en\/wp-json\/wp\/v2\/pages\/2\/page\/2\/\"><\/div>\n\t\t\t\t<div class=\"elementor-button-wrapper\">\n\t\t\t<a class=\"elementor-button elementor-size-sm\" role=\"button\">\n\t\t\t\t\t\t<span class=\"elementor-button-content-wrapper\">\n\t\t\t\t\t\t\t\t\t<span class=\"elementor-button-text\">See more<\/span>\n\t\t\t\t\t<\/span>\n\t\t\t\t\t<\/a>\n\t\t<\/div>\n\t\t\t\t<div class=\"e-load-more-message\"><\/div>\n\t\t\t\t\t\t<\/div>\n\t\t\t\t<\/div>\n\t\t\t\t\t<\/div>\n\t\t\t\t<\/div>\n\t\t\t\t<\/div>","protected":false},"excerpt":{"rendered":"<p>Esta es una p\u00e1gina de ejemplo. Es diferente a una entrada del blog porque permanecer\u00e1 en un solo lugar y aparecer\u00e1 en la navegaci\u00f3n de tu sitio (en la mayor\u00eda de los temas). La mayor\u00eda de las personas comienzan con una p\u00e1gina &#8220;Acerca de&#8221; que los presenta a los visitantes potenciales del sitio. Podr\u00edas decir [&hellip;]<\/p>\n","protected":false},"author":1,"featured_media":0,"parent":0,"menu_order":0,"comment_status":"closed","ping_status":"open","template":"","meta":{"_acf_changed":false,"_joinchat":[],"footnotes":""},"class_list":["post-2","page","type-page","status-publish","hentry"],"acf":[],"rank_math_focus_keyword":"","rank_math_description":"","rank_math_title":"","rank_math_robots":"","rank_math_score":"","_links":{"self":[{"href":"https:\/\/naaloo.com\/en\/wp-json\/wp\/v2\/pages\/2","targetHints":{"allow":["GET"]}}],"collection":[{"href":"https:\/\/naaloo.com\/en\/wp-json\/wp\/v2\/pages"}],"about":[{"href":"https:\/\/naaloo.com\/en\/wp-json\/wp\/v2\/types\/page"}],"author":[{"embeddable":true,"href":"https:\/\/naaloo.com\/en\/wp-json\/wp\/v2\/users\/1"}],"replies":[{"embeddable":true,"href":"https:\/\/naaloo.com\/en\/wp-json\/wp\/v2\/comments?post=2"}],"version-history":[{"count":33,"href":"https:\/\/naaloo.com\/en\/wp-json\/wp\/v2\/pages\/2\/revisions"}],"predecessor-version":[{"id":10612,"href":"https:\/\/naaloo.com\/en\/wp-json\/wp\/v2\/pages\/2\/revisions\/10612"}],"wp:attachment":[{"href":"https:\/\/naaloo.com\/en\/wp-json\/wp\/v2\/media?parent=2"}],"curies":[{"name":"wp","href":"https:\/\/api.w.org\/{rel}","templated":true}]}}