{"id":3,"date":"2023-04-13T23:47:13","date_gmt":"2023-04-14T02:47:13","guid":{"rendered":"https:\/\/naaloo.com\/wordpress\/?page_id=3"},"modified":"2024-12-18T15:52:56","modified_gmt":"2024-12-18T18:52:56","slug":"politica-privacidad","status":"publish","type":"page","link":"https:\/\/naaloo.com\/pt\/politica-privacidad\/","title":{"rendered":"Pol\u00edtica de privacidade"},"content":{"rendered":"<div data-elementor-type=\"wp-page\" data-elementor-id=\"3\" class=\"elementor elementor-3\" data-elementor-post-type=\"page\">\n\t\t\t\t<div class=\"elementor-element elementor-element-4be019ea e-flex e-con-boxed e-con e-parent\" data-id=\"4be019ea\" data-element_type=\"container\" data-e-type=\"container\">\n\t\t\t\t\t<div class=\"e-con-inner\">\n\t\t\t\t<div class=\"elementor-element elementor-element-8d47a68 elementor-widget elementor-widget-heading\" data-id=\"8d47a68\" data-element_type=\"widget\" data-e-type=\"widget\" data-widget_type=\"heading.default\">\n\t\t\t\t<div class=\"elementor-widget-container\">\n\t\t\t\t\t<h1 class=\"elementor-heading-title elementor-size-default\">Pol\u00edtica de privacidade<\/h1>\t\t\t\t<\/div>\n\t\t\t\t<\/div>\n\t\t\t\t<div class=\"elementor-element elementor-element-498f576 elementor-widget elementor-widget-heading\" data-id=\"498f576\" data-element_type=\"widget\" data-e-type=\"widget\" data-widget_type=\"heading.default\">\n\t\t\t\t<div class=\"elementor-widget-container\">\n\t\t\t\t\t<h6 class=\"elementor-heading-title elementor-size-default\"><span style=\"font-family: Manrope, sans-serif\">\u00daltima revis\u00e3o: 07\/12\/2023<\/span><\/h6>\t\t\t\t<\/div>\n\t\t\t\t<\/div>\n\t\t\t\t<div class=\"elementor-element elementor-element-a2cb45d elementor-widget-divider--view-line elementor-widget elementor-widget-divider\" data-id=\"a2cb45d\" data-element_type=\"widget\" data-e-type=\"widget\" data-widget_type=\"divider.default\">\n\t\t\t\t<div class=\"elementor-widget-container\">\n\t\t\t\t\t\t\t<div class=\"elementor-divider\">\n\t\t\t<span class=\"elementor-divider-separator\">\n\t\t\t\t\t\t<\/span>\n\t\t<\/div>\n\t\t\t\t\t\t<\/div>\n\t\t\t\t<\/div>\n\t\t\t\t<div class=\"elementor-element elementor-element-5707b7e elementor-widget elementor-widget-text-editor\" data-id=\"5707b7e\" data-element_type=\"widget\" data-e-type=\"widget\" data-widget_type=\"text-editor.default\">\n\t\t\t\t<div class=\"elementor-widget-container\">\n\t\t\t\t\t\t\t\t\tLa pol\u00edtica de privacidad establece los t\u00e9rminos y el modo en que Naaloo usa y protege la informaci\u00f3n que es proporcionada por el usuario al momento de utilizar la web.\t\t\t\t\t\t\t\t<\/div>\n\t\t\t\t<\/div>\n\t\t\t\t<div class=\"elementor-element elementor-element-04b16f3 elementor-widget elementor-widget-text-editor\" data-id=\"04b16f3\" data-element_type=\"widget\" data-e-type=\"widget\" data-widget_type=\"text-editor.default\">\n\t\t\t\t<div class=\"elementor-widget-container\">\n\t\t\t\t\t\t\t\t\t<p><strong>1. Responsable.<\/strong><br><br>El Responsable del tratamiento de los datos recabados por medio de este Sitio Web es:<br>CAPASITIO SAS, con domicilio a estos efectos en la inscripta en la Inspecci\u00f3n General de Justicia RE-2018-06645630-APN-DA#IGJ. (en adelante referido por su nombre comercial, \u201cNaaloo\u201d).<br>Calle Montevideo 589, 9\u201dB\u201d, Ciudad Aut\u00f3noma de Buenos Aires, Argentina<br>datospersonales@naaloo.io<br>+5491126632162<br>Datos de contacto del responsable de Datos: enviando un correo electr\u00f3nico a la siguiente direcci\u00f3n:<br><a href=\"mailto:datospersonales@naaloo.com\" target=\"_blank\">datospersonales@naaloo.i<\/a>o<\/p>\t\t\t\t\t\t\t\t<\/div>\n\t\t\t\t<\/div>\n\t\t\t\t<div class=\"elementor-element elementor-element-aa5f4d9 elementor-widget elementor-widget-text-editor\" data-id=\"aa5f4d9\" data-element_type=\"widget\" data-e-type=\"widget\" data-widget_type=\"text-editor.default\">\n\t\t\t\t<div class=\"elementor-widget-container\">\n\t\t\t\t\t\t\t\t\t<p><strong>2. Finalidad.<\/strong><br>\n<br>Cuando solicitamos completar los campos de informaci\u00f3n personal para la identificaci\u00f3n del Usuario, lo hacemos al s\u00f3lo efecto de emplearlos de acuerdo con los t\u00e9rminos y condiciones del presente documento, cuya lectura recomendamos en caso de no haberlo hecho.<br><br>Naaloo se compromete a salvaguardar la privacidad del Usuario y\/o cualquier tercero que el Usuario brinde acceso, conforme los estipulado en la Ley 25.536 de Protecci\u00f3n de Datos Personales. Esta declaraci\u00f3n de pol\u00edtica de privacidad describe nuestras pr\u00e1cticas de procesamiento de datos, relacionadas con nuestro sitio web www.naaloo.com, cualquiera de nuestros sitios web asociados y nuestras actividades de marketing.<br><br>Cualquier duda o pregunta sobre el uso los productos y\/o servicios de Naaloo, ponte en contacto con nuestro responsable de soporte.<br><br>Se deja expresamente establecido, que la Pol\u00edtica de Privacidad puede cambiar con el tiempo o ser actualizada. Es por ello, que sugerimos, estudiar y analizar continuamente la web para que el Usuario est\u00e9 de acuerdo con cada uno de los cambios que se realicen al respecto.<\/p>\t\t\t\t\t\t\t\t<\/div>\n\t\t\t\t<\/div>\n\t\t\t\t<div class=\"elementor-element elementor-element-82f9da7 elementor-widget elementor-widget-text-editor\" data-id=\"82f9da7\" data-element_type=\"widget\" data-e-type=\"widget\" data-widget_type=\"text-editor.default\">\n\t\t\t\t<div class=\"elementor-widget-container\">\n\t\t\t\t\t\t\t\t\t<strong>3. Contrase\u00f1a.<\/strong>\n<br>\nEl Usuario es responsable en todo momento de la custodia de su contrase\u00f1a, asumiendo en consecuencia cualesquiera da\u00f1os y perjuicios que pudieran derivarse de su uso indebido, as\u00ed como de la cesi\u00f3n, revelaci\u00f3n o extrav\u00edo de la misma. A estos efectos, el acceso a \u00e1reas restringidas y\/o el uso de los servicios y contenidos del sitio web realizado bajo su contrase\u00f1a se reputar\u00e1n realizados por el Usuario.\t\t\t\t\t\t\t\t<\/div>\n\t\t\t\t<\/div>\n\t\t\t\t<div class=\"elementor-element elementor-element-97b37b7 elementor-widget elementor-widget-text-editor\" data-id=\"97b37b7\" data-element_type=\"widget\" data-e-type=\"widget\" data-widget_type=\"text-editor.default\">\n\t\t\t\t<div class=\"elementor-widget-container\">\n\t\t\t\t\t\t\t\t\t<strong>4. Cookies.<\/strong>\n<br>\nUna cookie se refiere a un fichero que es enviado con la finalidad de solicitar permiso para almacenarse en su ordenador. Al aceptar dicho fichero, se crea la cookie y la misma sirve para tener informaci\u00f3n respecto al tr\u00e1fico web y facilita el registro de las futuras visitas recurrentes. Nuestro sitio web emplea las cookies para poder identificar las p\u00e1ginas que son visitadas y su frecuencia. Esta informaci\u00f3n es empleada \u00fanicamente para an\u00e1lisis estad\u00edstico. El Usuario puede eliminar las cookies en cualquier momento desde su ordenador. Sin embargo, las cookies ayudan a proporcionar un mejor servicio de los sitios web, \u00e9stas no dan acceso a informaci\u00f3n de su ordenador ni de usted, a menos de que usted as\u00ed lo quiera y la proporcione directamente. El Usuario puede aceptar o negar el uso de cookies, sin embargo, la mayor\u00eda de navegadores aceptan cookies autom\u00e1ticamente pues sirve para tener un mejor servicio web. Tambi\u00e9n usted puede cambiar la configuraci\u00f3n de su ordenador para declinar las cookies. Si se declinan es posible que no pueda utilizar algunos de nuestros servicios o afecte el funcionamiento o velocidad de alguno de ellos.\t\t\t\t\t\t\t\t<\/div>\n\t\t\t\t<\/div>\n\t\t\t\t<div class=\"elementor-element elementor-element-ed18b20 elementor-widget elementor-widget-text-editor\" data-id=\"ed18b20\" data-element_type=\"widget\" data-e-type=\"widget\" data-widget_type=\"text-editor.default\">\n\t\t\t\t<div class=\"elementor-widget-container\">\n\t\t\t\t\t\t\t\t\t<p><strong>5. Uso de cookies.<\/strong><br>\n<br>Utilizamos cookies en este sitio web. Una cookie es una peque\u00f1a pieza de informaci\u00f3n enviada por un servidor web a tu navegador web y almacenada en tu ordenador. Esto permite que el servidor recopile informaci\u00f3n del navegador.<br><br>Los navegadores de Internet normalmente aceptan cookies de forma predeterminada, pero es posible configurar un navegador para rechazar las cookies. Las cookies que ya se han configurado, se pueden eliminar de tu disco duro.<br><br>Para obtener m\u00e1s informaci\u00f3n sobre c\u00f3mo rechazar las cookies, visita <a href=\"http:\/\/www.aboutcookies.org\" target=\"_blank\" rel=\"noopener\">www.aboutcookies.org<\/a><\/p>\t\t\t\t\t\t\t\t<\/div>\n\t\t\t\t<\/div>\n\t\t\t\t<div class=\"elementor-element elementor-element-b1dad13 elementor-widget elementor-widget-text-editor\" data-id=\"b1dad13\" data-element_type=\"widget\" data-e-type=\"widget\" data-widget_type=\"text-editor.default\">\n\t\t\t\t<div class=\"elementor-widget-container\">\n\t\t\t\t\t\t\t\t\t<strong>6. Enlaces a Terceros.<\/strong>\n<br>\nLa web podr\u00e1 contener enlaces a otros sitios que pudieran ser de su inter\u00e9s. Una vez que usted abandone nuestra web, ya no tenemos control sobre el sitio al que es redirigido y por lo tanto no somos responsables de los t\u00e9rminos o privacidad ni de la protecci\u00f3n de sus datos en esos otros sitios terceros. Es por ello, es recomendable que los consulte para confirmar que usted est\u00e1 de acuerdo con los t\u00e9rminos y condiciones con los sitios referenciados.\t\t\t\t\t\t\t\t<\/div>\n\t\t\t\t<\/div>\n\t\t\t\t<div class=\"elementor-element elementor-element-b369490 elementor-widget elementor-widget-text-editor\" data-id=\"b369490\" data-element_type=\"widget\" data-e-type=\"widget\" data-widget_type=\"text-editor.default\">\n\t\t\t\t<div class=\"elementor-widget-container\">\n\t\t\t\t\t\t\t\t\t<strong>7. Control de su informaci\u00f3n personal.<\/strong>\n<br>\nNaaloo no vender\u00e1, ceder\u00e1 ni distribuir\u00e1 la informaci\u00f3n personal que es recopilada sin su consentimiento, salvo que sea requerido por un juez con una orden judicial.<br><br>\nNaaloo se reserva el derecho de cambiar los t\u00e9rminos de la presente Pol\u00edtica de Privacidad en cualquier momento.\n\n\t\t\t\t\t\t\t\t<\/div>\n\t\t\t\t<\/div>\n\t\t\t\t<div class=\"elementor-element elementor-element-2e3ada3 elementor-widget elementor-widget-text-editor\" data-id=\"2e3ada3\" data-element_type=\"widget\" data-e-type=\"widget\" data-widget_type=\"text-editor.default\">\n\t\t\t\t<div class=\"elementor-widget-container\">\n\t\t\t\t\t\t\t\t\t<p><strong>8. D\u00f3nde almacenamos tus datos.<\/strong><br><br>Los t\u00e9rminos y condiciones de Naaloo, aplica tanto a la web como a la plataforma de gesti\u00f3n que se encuentra alojada en Amazon Service (USA). Para cualquier informaci\u00f3n adicional que se requiera, ponte en contacto con un representante de soporte enviando un correo electr\u00f3nico a la siguiente casilla de correo: <a href=\"mailto:soporte@naaloo.com\" target=\"_blank\">soporte@naaloo.com<\/a><br><br>Los datos que recopilamos y provistos por cada Usuario pueden transferirse y almacenarse en cualquiera de los data center disponibles de Amazon Web Services (AWS) en el mundo y a sola discreci\u00f3n de nuestro equipo t\u00e9cnico. Asimismo, la totalidad del proceso de datos e informaci\u00f3n de la plataforma Naaloo podr\u00e1 ser gestionada y administrada por personal que se encuentre fuera de la Rep\u00fablica Argentina.<br><br>A su vez, el Usuario al enviar, completar y\/o compartir informaci\u00f3n (datos, im\u00e1genes, videos, y cualquier otro tipo de documento digital) acepta esta transferencia y modo de almacenamiento o procesamiento de la web.<br><br>Naaloo mantiene las medidas adecuadas y m\u00e1s estrictas normas de seguridad para garantizar que los datos e informaci\u00f3n del Usuario procesen de forma segura y no se utilicen incorrectamente una vez que la web los recibida. Sin embargo, la transmisi\u00f3n de informaci\u00f3n a trav\u00e9s de Internet no es completamente segura, por lo que su consentimiento implica tambi\u00e9n su conformidad y aceptaci\u00f3n de que cualquier defecto en la transmisi\u00f3n es bajo su propio riesgo y responsabilidad.<\/p>\n<p><span style=\"font-weight: bolder;\">9. <\/span><span style=\"font-size: 19.2px;\"><b>Aviso Legal y de Privacidad para M\u00e9xico<\/b><\/span><span style=\"font-weight: bolder;\">.<\/span><\/p>\n<p style=\"\"><span style=\"font-size: 19.2px;\">El uso de este servicio SaaS implica la recopilaci\u00f3n y tratamiento de datos personales conforme a la Ley Federal de Protecci\u00f3n de Datos Personales en Posesi\u00f3n de los Particulares (LFPDPPP). Al utilizar este sistema, los usuarios consienten el tratamiento de sus datos personales, incluyendo datos sensibles, con el prop\u00f3sito exclusivo de gestionar procesos de recursos humanos. Nos comprometemos a implementar las medidas de seguridad necesarias para proteger la confidencialidad e integridad de la informaci\u00f3n. La privacidad de los datos personales es prioritaria para Naaloo, y nuestros procesos cumplen con los est\u00e1ndares de seguridad y confidencialidad requeridos por la legislaci\u00f3n mexicana.<\/span><\/p>\t\t\t\t\t\t\t\t<\/div>\n\t\t\t\t<\/div>\n\t\t\t\t<div class=\"elementor-element elementor-element-57469f1 elementor-widget-divider--view-line elementor-widget elementor-widget-divider\" data-id=\"57469f1\" data-element_type=\"widget\" data-e-type=\"widget\" data-widget_type=\"divider.default\">\n\t\t\t\t<div class=\"elementor-widget-container\">\n\t\t\t\t\t\t\t<div class=\"elementor-divider\">\n\t\t\t<span class=\"elementor-divider-separator\">\n\t\t\t\t\t\t<\/span>\n\t\t<\/div>\n\t\t\t\t\t\t<\/div>\n\t\t\t\t<\/div>\n\t\t\t\t<div class=\"elementor-element elementor-element-e26f7f0 elementor-widget elementor-widget-text-editor\" data-id=\"e26f7f0\" data-element_type=\"widget\" data-e-type=\"widget\" data-widget_type=\"text-editor.default\">\n\t\t\t\t<div class=\"elementor-widget-container\">\n\t\t\t\t\t\t\t\t\t<p><span style=\"font-family: Figtree;\">Esta pol\u00edtica de privacidad se actualiz\u00f3 por \u00faltima vez el d\u00eda 21 de septiembre de 2020. Asimismo, se deja expresamente establecido que el contenido de la presente pol\u00edtica de privacidad puede cambiar ocasionalmente. Todos los cambios referenciados se publicar\u00e1n en este sitio web y ser\u00e1n efectivos a partir de su publicaci\u00f3n.<\/span><\/p>\t\t\t\t\t\t\t\t<\/div>\n\t\t\t\t<\/div>\n\t\t\t\t\t<\/div>\n\t\t\t\t<\/div>\n\t\t\t\t<\/div>","protected":false},"excerpt":{"rendered":"<p>Pol\u00edtica de privacidad \u00daltima revisi\u00f3n: 07\/12\/2023 La pol\u00edtica de privacidad establece los t\u00e9rminos y el modo en que Naaloo usa y protege la informaci\u00f3n que es proporcionada por el usuario al momento de utilizar la web. 1. Responsable. El Responsable del tratamiento de los datos recabados por medio de este Sitio Web es:CAPASITIO SAS, con [&hellip;]<\/p>\n","protected":false},"author":1,"featured_media":0,"parent":0,"menu_order":0,"comment_status":"closed","ping_status":"open","template":"","meta":{"_acf_changed":false,"_joinchat":[],"footnotes":""},"class_list":["post-3","page","type-page","status-publish","hentry"],"acf":[],"rank_math_focus_keyword":"","rank_math_description":"","rank_math_title":"","rank_math_robots":"","rank_math_score":"","_links":{"self":[{"href":"https:\/\/naaloo.com\/pt\/wp-json\/wp\/v2\/pages\/3","targetHints":{"allow":["GET"]}}],"collection":[{"href":"https:\/\/naaloo.com\/pt\/wp-json\/wp\/v2\/pages"}],"about":[{"href":"https:\/\/naaloo.com\/pt\/wp-json\/wp\/v2\/types\/page"}],"author":[{"embeddable":true,"href":"https:\/\/naaloo.com\/pt\/wp-json\/wp\/v2\/users\/1"}],"replies":[{"embeddable":true,"href":"https:\/\/naaloo.com\/pt\/wp-json\/wp\/v2\/comments?post=3"}],"version-history":[{"count":41,"href":"https:\/\/naaloo.com\/pt\/wp-json\/wp\/v2\/pages\/3\/revisions"}],"predecessor-version":[{"id":8994,"href":"https:\/\/naaloo.com\/pt\/wp-json\/wp\/v2\/pages\/3\/revisions\/8994"}],"wp:attachment":[{"href":"https:\/\/naaloo.com\/pt\/wp-json\/wp\/v2\/media?parent=3"}],"curies":[{"name":"wp","href":"https:\/\/api.w.org\/{rel}","templated":true}]}}