{"id":4765,"date":"2023-12-07T10:06:27","date_gmt":"2023-12-07T13:06:27","guid":{"rendered":"https:\/\/naaloo.com\/wordpress\/?page_id=4765"},"modified":"2024-08-30T16:42:46","modified_gmt":"2024-08-30T19:42:46","slug":"terminos-y-condiciones","status":"publish","type":"page","link":"https:\/\/naaloo.com\/pt\/terminos-y-condiciones\/","title":{"rendered":"Termos e condi\u00e7\u00f5es"},"content":{"rendered":"<div data-elementor-type=\"wp-page\" data-elementor-id=\"4765\" class=\"elementor elementor-4765\" data-elementor-post-type=\"page\">\n\t\t\t\t<div class=\"elementor-element elementor-element-9a1d5c5 e-flex e-con-boxed e-con e-parent\" data-id=\"9a1d5c5\" data-element_type=\"container\" data-e-type=\"container\">\n\t\t\t\t\t<div class=\"e-con-inner\">\n\t\t\t\t<div class=\"elementor-element elementor-element-9bdb03e elementor-widget elementor-widget-heading\" data-id=\"9bdb03e\" data-element_type=\"widget\" data-e-type=\"widget\" data-widget_type=\"heading.default\">\n\t\t\t\t<div class=\"elementor-widget-container\">\n\t\t\t\t\t<h1 class=\"elementor-heading-title elementor-size-default\">Termos e condi\u00e7\u00f5es<\/h1>\t\t\t\t<\/div>\n\t\t\t\t<\/div>\n\t\t\t\t<div class=\"elementor-element elementor-element-b2f4bac elementor-widget elementor-widget-heading\" data-id=\"b2f4bac\" data-element_type=\"widget\" data-e-type=\"widget\" data-widget_type=\"heading.default\">\n\t\t\t\t<div class=\"elementor-widget-container\">\n\t\t\t\t\t<h6 class=\"elementor-heading-title elementor-size-default\">\u00daltima revis\u00e3o: 07\/12\/2023<\/h6>\t\t\t\t<\/div>\n\t\t\t\t<\/div>\n\t\t\t\t<div class=\"elementor-element elementor-element-0928a81 elementor-widget-divider--view-line elementor-widget elementor-widget-divider\" data-id=\"0928a81\" data-element_type=\"widget\" data-e-type=\"widget\" data-widget_type=\"divider.default\">\n\t\t\t\t<div class=\"elementor-widget-container\">\n\t\t\t\t\t\t\t<div class=\"elementor-divider\">\n\t\t\t<span class=\"elementor-divider-separator\">\n\t\t\t\t\t\t<\/span>\n\t\t<\/div>\n\t\t\t\t\t\t<\/div>\n\t\t\t\t<\/div>\n\t\t\t\t<div class=\"elementor-element elementor-element-c03d022 elementor-widget elementor-widget-text-editor\" data-id=\"c03d022\" data-element_type=\"widget\" data-e-type=\"widget\" data-widget_type=\"text-editor.default\">\n\t\t\t\t<div class=\"elementor-widget-container\">\n\t\t\t\t\t\t\t\t\t<strong>1. Aviso legal<\/strong>\n<br>\nEl presente regula los t\u00e9rminos y condiciones delas personas f\u00edsicas o jur\u00eddicas (en adelante el \u201cUsuario\u201d) que usan los productos y\/o servicios de nuestra p\u00e1gina web, licencia de software y\/o aplicaciones web para dispositivos m\u00f3viles (en adelante denominadas indistintamente cada una de ellas como la \u201cweb\u201d o \u201cNaaloo\u201d o \u201cplataforma\u201d o \u201cApps\u201d) propiedad exclusiva de CAPASITIO SAS, con domicilio a estos efectos en la calle Montevideo 589,9\u201dB\u201d, Ciudad Aut\u00f3noma de Buenos Aires, Argentina, inscripta en la Inspecci\u00f3n General de Justicia RE-2018-06645630-APN-DA#IGJ.<br><br>\nEl uso del Usuario de Naaloo y cualquiera de sus servicios implica haber le\u00eddo y aceptado todos los t\u00e9rminos y condiciones. Ensu defecto, en el caso que el Usuario no est\u00e9 de acuerdo con los t\u00e9rminos y condiciones contemplados en el presente, le sugerimos no hacer uso de la web.<br><br>\nEn consecuencia, por el simple hecho de uso de la web el Usuario manifiesta expresamente:<br><br>\nQue, ha le\u00eddo, entendido y aceptado lo contemplado en el presente.<br>\nQue, en el caso que le brinde acceso a cualquier tercero, el mismo ha le\u00eddo, entendido y aceptado lo estipulado aqu\u00ed presente.<br>\nQue, el en caso de contratar alg\u00fan servicio, act\u00faa con suficiente capacidad al efecto.<br>\nQue, es mayor de edad.<br>\nQue, en el caso que use los servicios de Naaloo en nombre de una persona jur\u00eddica, tiene poder de representaci\u00f3n suficiente y vigente.\t\t\t\t\t\t\t\t<\/div>\n\t\t\t\t<\/div>\n\t\t\t\t<div class=\"elementor-element elementor-element-3bdaa64 elementor-widget elementor-widget-text-editor\" data-id=\"3bdaa64\" data-element_type=\"widget\" data-e-type=\"widget\" data-widget_type=\"text-editor.default\">\n\t\t\t\t<div class=\"elementor-widget-container\">\n\t\t\t\t\t\t\t\t\t<strong>2.Derechos de Propiedad Intelectual.<\/strong>\n<br>\nCopyright \u00a9 2020 \u2013 CAPASITIO SAS. Todos los derechos se encuentran reservados.\nQuedan reservados todos los derechos de explotaci\u00f3n.<br><br>\nEste sitio web se rige por las leyes de la Rep\u00fablica Argentina y se encuentra protegido por la legislaci\u00f3n nacional e internacional sobre propiedad intelectual e industrial.<br><br>\nLos textos, dise\u00f1os, im\u00e1genes, audio, bases de datos, logos, estructura, marcas y dem\u00e1s elementos de este sitio web de Naaloo son de propiedad exclusiva de Naaloo.<br><br>\nCualquier reproducci\u00f3n, transmisi\u00f3n, adaptaci\u00f3n, traducci\u00f3n, modificaci\u00f3n, comunicaci\u00f3n al p\u00fablico, o cualquier otra explotaci\u00f3n de todo o parte del contenido de este sitio web, efectuada de cualquier forma o por cualquier medio, electr\u00f3nico, mec\u00e1nico u otro, est\u00e1n estrictamente prohibidos salvo autorizaci\u00f3n previa por escrito de Naaloo o de terceros titulares. Cualquier infracci\u00f3n de estos derechos puede dar lugar a procedimientos extrajudiciales o judiciales civiles o penales que correspondan.\t\t\t\t\t\t\t\t<\/div>\n\t\t\t\t<\/div>\n\t\t\t\t<div class=\"elementor-element elementor-element-233981b elementor-widget elementor-widget-text-editor\" data-id=\"233981b\" data-element_type=\"widget\" data-e-type=\"widget\" data-widget_type=\"text-editor.default\">\n\t\t\t\t<div class=\"elementor-widget-container\">\n\t\t\t\t\t\t\t\t\t<strong>3. Objeto de la web.<\/strong>\n<br>\nNaaloo se ha realizado con objetivo comercial, sin perjuicio que dispone de cierta informaci\u00f3n que se ofrece de manera gratuita y accesible.<br><br>\nLa utilizaci\u00f3n de ciertos servicios ofrecidos al Usuario, pueden encontrarse sometidos a condiciones particulares propias que, dependiendo de su naturaleza pueden completar, modificar y\/o sustituir las presentes condiciones legales.<br><br>\nEn todo momento, cualquier Usuario, puede ejercitar los derechos de acceso, rectificaci\u00f3n, cancelaci\u00f3n y oposici\u00f3n, as\u00ed como a darse de baja de los servicios de Naaloo.<br><br>\nDe todas formas, el Usuario puede, en cualquier momento, revocar el consentimiento otorgado para el tratamiento de sus datos, sin que puedan atribuirse a esta revocaci\u00f3n efectos retroactivos. Estos derechos pueden hacerse efectivos mediante el env\u00edo de correo electr\u00f3nico a la cuenta datospersonales@Naaloo.com, dirigido al responsable del fichero de Naaloo.<br><br>\nNaaloo podr\u00e1 eliminar del sitio web contenidos ilegales y\/o presuntamente ilegales y\/o cancelar o suspender el acceso a cualquier Usuario de la web, sin previo aviso.<br><br>\nDe deja expresamente establecido que los datos procesados por Naaloo se conservar\u00e1n mientras se mantenga dicha relaci\u00f3n comercial con el Usuario y, una vez finalizada \u00e9sta, durante los plazos de conservaci\u00f3n y de prescripci\u00f3n de responsabilidades legalmente previstos.\t\t\t\t\t\t\t\t<\/div>\n\t\t\t\t<\/div>\n\t\t\t\t<div class=\"elementor-element elementor-element-5a80c88 elementor-widget elementor-widget-text-editor\" data-id=\"5a80c88\" data-element_type=\"widget\" data-e-type=\"widget\" data-widget_type=\"text-editor.default\">\n\t\t\t\t<div class=\"elementor-widget-container\">\n\t\t\t\t\t\t\t\t\t<strong>4. Consentimiento.<\/strong>\n<br>\nAl usar este sitio web, el Usuario y\/o cualquier tercero que el Usuario brinde acceso, acepta la recopilaci\u00f3n y el uso de la informaci\u00f3n, como asimismo la validaci\u00f3n de la informaci\u00f3n que nos proporcione ante organismos p\u00fablicos oficiales y\/o entidades privadas de informaci\u00f3n.<br><br>\nNaaloo recopila informaci\u00f3n sobre los visitantes de nuestro sitio web de tres formas diferentes:<br><br>\nCuando se registran para una demostraci\u00f3n o solicitan informaci\u00f3n sobre cualquiera de nuestros productos y\/o servicios.<br>\nIndirectamente, a trav\u00e9s de la navegaci\u00f3n de nuestra web.<br>\nDirectamente, cuando el Usuario utiliza alguno de los productos o servicios de Naaloo.\t\t\t\t\t\t\t\t<\/div>\n\t\t\t\t<\/div>\n\t\t\t\t<div class=\"elementor-element elementor-element-7152e81 elementor-widget elementor-widget-text-editor\" data-id=\"7152e81\" data-element_type=\"widget\" data-e-type=\"widget\" data-widget_type=\"text-editor.default\">\n\t\t\t\t<div class=\"elementor-widget-container\">\n\t\t\t\t\t\t\t\t\t<strong>5. Informaci\u00f3n que el Usuario proporciona.<\/strong>\n<br>\nUtilizamos la informaci\u00f3n que el Usuario proporciona cuando solicita informaci\u00f3n sobre nuestros productos y\/o servicios. No vendemos tu informaci\u00f3n, ni la ponemos a disposici\u00f3n de terceros.<br><br>\nAsimismo, podemos utilizar esta informaci\u00f3n para enviar correos electr\u00f3nicos promocionales o correo directo sobre productos, servicios y cuestiones que estimamos relevantes.<br><br>\nEl Usuario puede optar por no recibir comunicaciones de marketing haciendo clic en el enlace correspondiente en los correos electr\u00f3nicos pertinentes, enviando un correo electr\u00f3nico a info@Naaloo.com  o enviando un correo a soporte@Naaloo.com<br><br>\nLa informaci\u00f3n que proporcione el Usuario y\/o cualquier tercero que el Usuario brinde acceso no se comparte con terceros y s\u00f3lo se mantiene visible entre ellos y los administradores de Naaloo, al s\u00f3lo efecto de motivos t\u00e9cnicos y de soporte.\t\t\t\t\t\t\t\t<\/div>\n\t\t\t\t<\/div>\n\t\t\t\t<div class=\"elementor-element elementor-element-61e4ce9 elementor-widget elementor-widget-text-editor\" data-id=\"61e4ce9\" data-element_type=\"widget\" data-e-type=\"widget\" data-widget_type=\"text-editor.default\">\n\t\t\t\t<div class=\"elementor-widget-container\">\n\t\t\t\t\t\t\t\t\t<strong>6. Informaci\u00f3n recopilada del Usuario directamente.<\/strong>\n<br>\nAl tratarse de una web de Recursos Humanos, es normal y habitual que el Usuario que utilice nuestros productos y\/o servicios nos proporcione informaci\u00f3n de su n\u00f3mina de colaboradores. En consecuencia, cualquier informaci\u00f3n que sea dispuesta por el Usuario de Naaloo respecto de un tercero (empleado\/colaborador) implica haber contado con el consentimiento previo del mismo, haci\u00e9ndose responsable por este hecho la propio Usuario del servicio.\t\t\t\t\t\t\t\t<\/div>\n\t\t\t\t<\/div>\n\t\t\t\t<div class=\"elementor-element elementor-element-4d4be0b elementor-widget elementor-widget-text-editor\" data-id=\"4d4be0b\" data-element_type=\"widget\" data-e-type=\"widget\" data-widget_type=\"text-editor.default\">\n\t\t\t\t<div class=\"elementor-widget-container\">\n\t\t\t\t\t\t\t\t\t<strong>7. Informaci\u00f3n recopilada indirectamente.<\/strong>\n<br>\nNaaloo puede recopilar informaci\u00f3n sobre tu ordenador y tu visita, como tu direcci\u00f3n de Internet (IP), ubicaci\u00f3n geogr\u00e1fica, tipo de navegador, fuente de referencia, duraci\u00f3n de la visita y p\u00e1ginas visitadas. Podemos utilizar esta informaci\u00f3n en la administraci\u00f3n de nuestros sitios web, para mejorar la usabilidad de los sitios web y con fines de marketing. Tambi\u00e9n podemos usar esa informaci\u00f3n para reconocer tu ordenador cuando visita nuestro sitio web y personalizar nuestro sitio web para ti.\t\t\t\t\t\t\t\t<\/div>\n\t\t\t\t<\/div>\n\t\t\t\t<div class=\"elementor-element elementor-element-bd262b2 elementor-widget elementor-widget-text-editor\" data-id=\"bd262b2\" data-element_type=\"widget\" data-e-type=\"widget\" data-widget_type=\"text-editor.default\">\n\t\t\t\t<div class=\"elementor-widget-container\">\n\t\t\t\t\t\t\t\t\t<strong>8. Limitaci\u00f3n de responsabilidad.<\/strong>\n<br>\nEl acceso, navegaci\u00f3n y uso de Naaloo y, en su caso, el uso o contrataci\u00f3n de los servicios o productos que sean ofrecidos a trav\u00e9s de la web tiene lugar bajo la \u00fanica y exclusiva responsabilidad del Usuario, por lo que \u00e9ste se compromete a observar diligente y fielmente cualquier instrucci\u00f3n adicional, impartida por Naaloo o por personal autorizado, relativa a su uso y sus contenidos.<br><br>\nNaaloo no es responsable de los documentos digitales, del contenido de la plataforma y de todo lo procesado por el Usuario, ni del resultado que arrojen los valores estad\u00edsticos, m\u00e9tricas e indicadores de la plataforma. A su vez, no somos responsables del contenido de la configuraci\u00f3n de la plataforma por el Usuario, como as\u00ed tampoco somos responsables de la recolecci\u00f3n de datos digitales obtenidos por cualquier tipo de dispositivo, ya sea desde la plataforma web o por intermedio de cada una de las Apps.<br><br>\nEn este sentido, Naaloo no se hace responsable en cuanto a cumplimiento, exactitud, fiabilidad, integridad o actualidad de los contenidos, servicios, productos, enlaces u otros elementos incluidos en la web, o los resultados obtenidos de acceder y usar la web y\/o el contenido de la misma.<br><br>\nEn particular, Naaloo no garantiza ni se hace responsable de:<br>\nLa falta de disponibilidad continua e ininterrumpida de accesibilidad al sitio web o continuidad t\u00e9cnica del mismo;<br>\nLa existencia de interrupciones o errores en el acceso a la web, as\u00ed como problemas t\u00e9cnicos o fallos que se produzcan durante la conexi\u00f3n a Internet;<br>\nLa ausencia de errores en dichos contenidos o productos;<br>\nLa ausencia de virus y dem\u00e1s componentes da\u00f1inos en el sitio web o en el servidor que lo suministra.<br>\nLa invulnerabilidad del sitio web y\/o la inexpugnabilidad de las medidas de seguridad que se adopten en el mismo.<br>\nLas incidencias en la red Internet o cualquier otra incidencia debida a causas de fuerza mayor y\/o que est\u00e9n fuera de su alcance y\/o control.<br>\nLos da\u00f1os o perjuicios que cause, a s\u00ed mismo o a un tercero, cualquier persona que infringiera las condiciones, normas e instrucciones que Naaloo establece en el sitio web o a trav\u00e9s de la vulneraci\u00f3n de los sistemas de seguridad del mismo;<br>\nLa p\u00e9rdida de beneficios, ingresos, datos, interrupci\u00f3n de negocio, da\u00f1os indirectos, especiales, derivados, ejemplares o punitivos.<br>\nCuando sea necesario que el Usuario se registre o facilite datos personales, el Usuario ser\u00e1 advertido de la necesidad de facilitar sus datos personales. En todo caso, la recogida y el tratamiento de los datos personales se llevar\u00e1 a cabo con sujeci\u00f3n a los principios y obligaciones de la normativa aplicable en materia de protecci\u00f3n de datos.<br>\nCuando lo considere oportuno, con motivo de operaciones de mantenimiento, reparaci\u00f3n, actualizaci\u00f3n, mejora y\/o adecuaci\u00f3n a cambios t\u00e9cnicos, operativos, de negocio y\/o legales, siendo v\u00e1lidas y surtiendo sus efectos desde la publicaci\u00f3n en el sitio web.<br>\nCualquier comunicaci\u00f3n entre Naaloo y el Usuario, \u00e9ste deber\u00e1 dirigirse a la direcci\u00f3n postal y\/o electr\u00f3nica arriba indicadas. Por otro lado, las comunicaciones de Naaloo al Usuario se realizar\u00e1n de conformidad con los datos de contacto aportados o facilitados en la web. El Usuario acepta expresamente la utilizaci\u00f3n del correo electr\u00f3nico como procedimiento v\u00e1lido para el intercambio de informaci\u00f3n y la remisi\u00f3n de comunicaciones entre y\/o con Naaloo.\t\t\t\t\t\t\t\t<\/div>\n\t\t\t\t<\/div>\n\t\t\t\t<div class=\"elementor-element elementor-element-e4d87ed elementor-widget elementor-widget-text-editor\" data-id=\"e4d87ed\" data-element_type=\"widget\" data-e-type=\"widget\" data-widget_type=\"text-editor.default\">\n\t\t\t\t<div class=\"elementor-widget-container\">\n\t\t\t\t\t\t\t\t\t<strong>9. Legislaci\u00f3n aplicable y tribunales competentes<\/strong>\n<br>\nEl presente Aviso Legal y cualquier relaci\u00f3n que surja de su aceptaci\u00f3n o se relacione con el mismo se regir\u00e1n exclusivamente por la legislaci\u00f3n de Argentina que resulte de aplicaci\u00f3n.\nA los efectos emergentes del uso de la web, y para la intervenci\u00f3n judicial y\/o extrajudicial entre el Usuario y Naaloo, se someten a los tribunales ordinarios de la Ciudad Aut\u00f3noma de Buenos Aires, Argentina, renunciando a cualquier otro fuero o jurisdicci\u00f3n que pudiera corresponder.\t\t\t\t\t\t\t\t<\/div>\n\t\t\t\t<\/div>\n\t\t\t\t<div class=\"elementor-element elementor-element-0473d24 elementor-widget elementor-widget-text-editor\" data-id=\"0473d24\" data-element_type=\"widget\" data-e-type=\"widget\" data-widget_type=\"text-editor.default\">\n\t\t\t\t<div class=\"elementor-widget-container\">\n\t\t\t\t\t\t\t\t\t<strong>Los t\u00e9rminos y condiciones expuestos, fueron actualizados por \u00faltima vez el d\u00eda 21 de septiembre de 2020. Asimismo, se deja expresamente establecido que el contenido de la presente puede cambiar ocasionalmente. Todos los cambios referenciados se publicar\u00e1n en este sitio web y ser\u00e1n efectivos a partir de su publicaci\u00f3n.<\/strong>\n\t\t\t\t\t\t\t\t<\/div>\n\t\t\t\t<\/div>\n\t\t\t\t\t<\/div>\n\t\t\t\t<\/div>\n\t\t\t\t<\/div>","protected":false},"excerpt":{"rendered":"<p>T\u00e9rminos y condiciones \u00daltima revisi\u00f3n: 07\/12\/2023 1. Aviso legal El presente regula los t\u00e9rminos y condiciones delas personas f\u00edsicas o jur\u00eddicas (en adelante el \u201cUsuario\u201d) que usan los productos y\/o servicios de nuestra p\u00e1gina web, licencia de software y\/o aplicaciones web para dispositivos m\u00f3viles (en adelante denominadas indistintamente cada una de ellas como la \u201cweb\u201d [&hellip;]<\/p>\n","protected":false},"author":1,"featured_media":0,"parent":0,"menu_order":0,"comment_status":"closed","ping_status":"closed","template":"","meta":{"_acf_changed":false,"_joinchat":[],"footnotes":""},"class_list":["post-4765","page","type-page","status-publish","hentry"],"acf":[],"rank_math_focus_keyword":"","rank_math_description":"","rank_math_title":"","rank_math_robots":"","rank_math_score":"","_links":{"self":[{"href":"https:\/\/naaloo.com\/pt\/wp-json\/wp\/v2\/pages\/4765","targetHints":{"allow":["GET"]}}],"collection":[{"href":"https:\/\/naaloo.com\/pt\/wp-json\/wp\/v2\/pages"}],"about":[{"href":"https:\/\/naaloo.com\/pt\/wp-json\/wp\/v2\/types\/page"}],"author":[{"embeddable":true,"href":"https:\/\/naaloo.com\/pt\/wp-json\/wp\/v2\/users\/1"}],"replies":[{"embeddable":true,"href":"https:\/\/naaloo.com\/pt\/wp-json\/wp\/v2\/comments?post=4765"}],"version-history":[{"count":11,"href":"https:\/\/naaloo.com\/pt\/wp-json\/wp\/v2\/pages\/4765\/revisions"}],"predecessor-version":[{"id":8758,"href":"https:\/\/naaloo.com\/pt\/wp-json\/wp\/v2\/pages\/4765\/revisions\/8758"}],"wp:attachment":[{"href":"https:\/\/naaloo.com\/pt\/wp-json\/wp\/v2\/media?parent=4765"}],"curies":[{"name":"wp","href":"https:\/\/api.w.org\/{rel}","templated":true}]}}