{"id":6257,"date":"2024-07-03T22:09:35","date_gmt":"2024-07-04T01:09:35","guid":{"rendered":"https:\/\/naaloo.com\/?page_id=6257"},"modified":"2025-05-23T16:47:01","modified_gmt":"2025-05-23T19:47:01","slug":"mauro-gesuitti","status":"publish","type":"page","link":"https:\/\/naaloo.com\/pt\/mauro-gesuitti\/","title":{"rendered":"Mauro Gesuitti"},"content":{"rendered":"<div data-elementor-type=\"wp-page\" data-elementor-id=\"6257\" class=\"elementor elementor-6257\" data-elementor-post-type=\"page\">\n\t\t\t\t<div class=\"elementor-element elementor-element-15bbf6d e-flex e-con-boxed e-con e-parent\" data-id=\"15bbf6d\" data-element_type=\"container\" data-e-type=\"container\" data-settings=\"{&quot;background_background&quot;:&quot;classic&quot;}\">\n\t\t\t\t\t<div class=\"e-con-inner\">\n\t\t<div class=\"elementor-element elementor-element-4c46236 e-con-full e-flex e-con e-child\" data-id=\"4c46236\" data-element_type=\"container\" data-e-type=\"container\">\n\t\t\t\t<div class=\"elementor-element elementor-element-9fa0018 elementor-widget-laptop__width-initial elementor-widget elementor-widget-image\" data-id=\"9fa0018\" data-element_type=\"widget\" data-e-type=\"widget\" data-widget_type=\"image.default\">\n\t\t\t\t<div class=\"elementor-widget-container\">\n\t\t\t\t\t\t\t\t\t\t\t\t\t\t\t<img fetchpriority=\"high\" decoding=\"async\" width=\"800\" height=\"800\" src=\"https:\/\/naaloo.com\/wp-content\/uploads\/2024\/07\/1681761604110.jpeg\" class=\"attachment-full size-full wp-image-6258\" alt=\"Mauro Gesuitti\" srcset=\"https:\/\/naaloo.com\/wp-content\/uploads\/2024\/07\/1681761604110.jpeg 800w, https:\/\/naaloo.com\/wp-content\/uploads\/2024\/07\/1681761604110-300x300.jpeg 300w, https:\/\/naaloo.com\/wp-content\/uploads\/2024\/07\/1681761604110-150x150.jpeg 150w, https:\/\/naaloo.com\/wp-content\/uploads\/2024\/07\/1681761604110-768x768.jpeg 768w\" sizes=\"(max-width: 800px) 100vw, 800px\" \/>\t\t\t\t\t\t\t\t\t\t\t\t\t\t\t<\/div>\n\t\t\t\t<\/div>\n\t\t\t\t<\/div>\n\t\t<div class=\"elementor-element elementor-element-e031846 e-con-full e-flex e-con e-child\" data-id=\"e031846\" data-element_type=\"container\" data-e-type=\"container\">\n\t\t\t\t<div class=\"elementor-element elementor-element-8955bbe elementor-widget elementor-widget-heading\" data-id=\"8955bbe\" data-element_type=\"widget\" data-e-type=\"widget\" data-widget_type=\"heading.default\">\n\t\t\t\t<div class=\"elementor-widget-container\">\n\t\t\t\t\t<h2 class=\"elementor-heading-title elementor-size-default\">Mauro Gesuitti<\/h2>\t\t\t\t<\/div>\n\t\t\t\t<\/div>\n\t\t\t\t<div class=\"elementor-element elementor-element-437d745 elementor-widget elementor-widget-text-editor\" data-id=\"437d745\" data-element_type=\"widget\" data-e-type=\"widget\" data-widget_type=\"text-editor.default\">\n\t\t\t\t<div class=\"elementor-widget-container\">\n\t\t\t\t\t\t\t\t\t<p>Soy Mauro Gesuitti, ingeniero de software frontend con m\u00e1s de 13 a\u00f1os de experiencia en el desarrollo de interfaces de usuario intuitivas y din\u00e1micas.&nbsp;<\/p>\n<p>Tengo una fuerte habilidad en UI\/UX y he liderado y contribuido a proyectos a gran escala para clientes globales. Siempre busco mejorar la experiencia del usuario a trav\u00e9s de la innovaci\u00f3n tecnol\u00f3gica y la implementaci\u00f3n de soluciones avanzadas en desarrollo de software.<\/p>\t\t\t\t\t\t\t\t<\/div>\n\t\t\t\t<\/div>\n\t\t\t\t<div class=\"elementor-element elementor-element-2be855c elementor-widget__width-auto elementor-widget elementor-widget-button\" data-id=\"2be855c\" data-element_type=\"widget\" data-e-type=\"widget\" data-widget_type=\"button.default\">\n\t\t\t\t<div class=\"elementor-widget-container\">\n\t\t\t\t\t\t\t\t\t<div class=\"elementor-button-wrapper\">\n\t\t\t\t\t<a class=\"elementor-button elementor-button-link elementor-size-md\" href=\"#blog\">\n\t\t\t\t\t\t<span class=\"elementor-button-content-wrapper\">\n\t\t\t\t\t\t\t\t\t<span class=\"elementor-button-text\">Leer m\u00e1s<\/span>\n\t\t\t\t\t<\/span>\n\t\t\t\t\t<\/a>\n\t\t\t\t<\/div>\n\t\t\t\t\t\t\t\t<\/div>\n\t\t\t\t<\/div>\n\t\t\t\t<\/div>\n\t\t\t\t\t<\/div>\n\t\t\t\t<\/div>\n\t\t<div class=\"elementor-element elementor-element-4ae02e6 e-flex e-con-boxed e-con e-parent\" data-id=\"4ae02e6\" data-element_type=\"container\" data-e-type=\"container\" data-settings=\"{&quot;background_background&quot;:&quot;classic&quot;}\">\n\t\t\t\t\t<div class=\"e-con-inner\">\n\t\t<div class=\"elementor-element elementor-element-2fca9ac e-con-full e-flex e-con e-child\" data-id=\"2fca9ac\" data-element_type=\"container\" data-e-type=\"container\">\n\t\t\t\t<div class=\"elementor-element elementor-element-6f69221 elementor-widget elementor-widget-heading\" data-id=\"6f69221\" data-element_type=\"widget\" data-e-type=\"widget\" data-widget_type=\"heading.default\">\n\t\t\t\t<div class=\"elementor-widget-container\">\n\t\t\t\t\t<h2 class=\"elementor-heading-title elementor-size-default\">Innovaci\u00f3n y Excelencia en Desarrollo \n<\/h2>\t\t\t\t<\/div>\n\t\t\t\t<\/div>\n\t\t\t\t<div class=\"elementor-element elementor-element-42c2580 elementor-widget elementor-widget-text-editor\" data-id=\"42c2580\" data-element_type=\"widget\" data-e-type=\"widget\" data-widget_type=\"text-editor.default\">\n\t\t\t\t<div class=\"elementor-widget-container\">\n\t\t\t\t\t\t\t\t\t<p>Con m\u00e1s de 13 a\u00f1os en la creaci\u00f3n de interfaces de usuario atractivas y funcionales, me especializo en tecnolog\u00edas como Angular, Vue.js, JavaScript y TypeScript.&nbsp;<\/p><p>He dirigido proyectos internacionales, destac\u00e1ndome por mi capacidad para integrar las mejores pr\u00e1cticas de UI\/UX y mejorar continuamente la experiencia del usuario mediante soluciones tecnol\u00f3gicas avanzadas.<br><\/p>\t\t\t\t\t\t\t\t<\/div>\n\t\t\t\t<\/div>\n\t\t\t\t<\/div>\n\t\t<div class=\"elementor-element elementor-element-3476363 e-con-full e-flex e-con e-child\" data-id=\"3476363\" data-element_type=\"container\" data-e-type=\"container\">\n\t\t<div class=\"elementor-element elementor-element-92bbd1c e-flex e-con-boxed e-con e-child\" data-id=\"92bbd1c\" data-element_type=\"container\" data-e-type=\"container\" data-settings=\"{&quot;background_background&quot;:&quot;classic&quot;}\">\n\t\t\t\t\t<div class=\"e-con-inner\">\n\t\t\t\t<div class=\"elementor-element elementor-element-fbd2beb elementor-widget__width-initial elementor-widget-mobile__width-initial elementor-widget elementor-widget-text-editor\" data-id=\"fbd2beb\" data-element_type=\"widget\" data-e-type=\"widget\" data-widget_type=\"text-editor.default\">\n\t\t\t\t<div class=\"elementor-widget-container\">\n\t\t\t\t\t\t\t\t\t<h5 style=\"margin-bottom:2px\"><b>Innovaci\u00f3n en desarrollo<\/b><br><\/h5>\n<p>Como ingeniero de software frontend, utilizo las \u00faltimas tecnolog\u00edas para crear aplicaciones web responsivas e interactivas, especializ\u00e1ndome en TypeScript y Angular para ofrecer soluciones de alta calidad y rendimiento.<\/p>\t\t\t\t\t\t\t\t<\/div>\n\t\t\t\t<\/div>\n\t\t\t\t<div class=\"elementor-element elementor-element-24207c9 elementor-view-default elementor-widget elementor-widget-icon\" data-id=\"24207c9\" data-element_type=\"widget\" data-e-type=\"widget\" data-widget_type=\"icon.default\">\n\t\t\t\t<div class=\"elementor-widget-container\">\n\t\t\t\t\t\t\t<div class=\"elementor-icon-wrapper\">\n\t\t\t<div class=\"elementor-icon\">\n\t\t\t<i aria-hidden=\"true\" class=\"far fa-check-circle\"><\/i>\t\t\t<\/div>\n\t\t<\/div>\n\t\t\t\t\t\t<\/div>\n\t\t\t\t<\/div>\n\t\t\t\t\t<\/div>\n\t\t\t\t<\/div>\n\t\t<div class=\"elementor-element elementor-element-50f5fb1 e-flex e-con-boxed e-con e-child\" data-id=\"50f5fb1\" data-element_type=\"container\" data-e-type=\"container\" data-settings=\"{&quot;background_background&quot;:&quot;classic&quot;}\">\n\t\t\t\t\t<div class=\"e-con-inner\">\n\t\t\t\t<div class=\"elementor-element elementor-element-a1edcda elementor-widget__width-initial elementor-widget-mobile__width-initial elementor-widget elementor-widget-text-editor\" data-id=\"a1edcda\" data-element_type=\"widget\" data-e-type=\"widget\" data-widget_type=\"text-editor.default\">\n\t\t\t\t<div class=\"elementor-widget-container\">\n\t\t\t\t\t\t\t\t\t<h5 style=\"margin-bottom:2px\"><b>Liderazgo t\u00e9cnico y experiencia global<\/b><\/h5>\n<p>He liderado equipos y desarrollado proyectos a gran escala para clientes internacionales, demostrando mi capacidad para manejar tareas complejas y entregar soluciones innovadoras en un contexto global.<\/p>\t\t\t\t\t\t\t\t<\/div>\n\t\t\t\t<\/div>\n\t\t\t\t<div class=\"elementor-element elementor-element-6891553 elementor-view-default elementor-widget elementor-widget-icon\" data-id=\"6891553\" data-element_type=\"widget\" data-e-type=\"widget\" data-widget_type=\"icon.default\">\n\t\t\t\t<div class=\"elementor-widget-container\">\n\t\t\t\t\t\t\t<div class=\"elementor-icon-wrapper\">\n\t\t\t<div class=\"elementor-icon\">\n\t\t\t<i aria-hidden=\"true\" class=\"far fa-check-circle\"><\/i>\t\t\t<\/div>\n\t\t<\/div>\n\t\t\t\t\t\t<\/div>\n\t\t\t\t<\/div>\n\t\t\t\t\t<\/div>\n\t\t\t\t<\/div>\n\t\t<div class=\"elementor-element elementor-element-9a5df2a e-flex e-con-boxed e-con e-child\" data-id=\"9a5df2a\" data-element_type=\"container\" data-e-type=\"container\" data-settings=\"{&quot;background_background&quot;:&quot;classic&quot;}\">\n\t\t\t\t\t<div class=\"e-con-inner\">\n\t\t\t\t<div class=\"elementor-element elementor-element-db5e005 elementor-widget__width-initial elementor-widget-mobile__width-initial elementor-widget elementor-widget-text-editor\" data-id=\"db5e005\" data-element_type=\"widget\" data-e-type=\"widget\" data-widget_type=\"text-editor.default\">\n\t\t\t\t<div class=\"elementor-widget-container\">\n\t\t\t\t\t\t\t\t\t<h5 style=\"margin-bottom:2px\"><b>Publicaciones y educaci\u00f3n<\/b><br><\/h5>\n<div><div data-message-author-role=\"assistant\" data-message-id=\"06872e90-f0e1-4733-9321-c7ccb5c4087b\" dir=\"auto\"><div><div><p>Graduado en Ingenier\u00eda en Computaci\u00f3n de la Universidad Nacional del Sur, con un enfoque en HCI. He contribuido al desarrollo de m\u00faltiples plataformas tecnol\u00f3gicas y he integrado una amplia gama de lenguajes de programaci\u00f3n y frameworks a lo largo de mi carrera.<\/p><\/div><\/div><\/div><\/div>\t\t\t\t\t\t\t\t<\/div>\n\t\t\t\t<\/div>\n\t\t\t\t<div class=\"elementor-element elementor-element-20c692c elementor-view-default elementor-widget elementor-widget-icon\" data-id=\"20c692c\" data-element_type=\"widget\" data-e-type=\"widget\" data-widget_type=\"icon.default\">\n\t\t\t\t<div class=\"elementor-widget-container\">\n\t\t\t\t\t\t\t<div class=\"elementor-icon-wrapper\">\n\t\t\t<div class=\"elementor-icon\">\n\t\t\t<i aria-hidden=\"true\" class=\"far fa-check-circle\"><\/i>\t\t\t<\/div>\n\t\t<\/div>\n\t\t\t\t\t\t<\/div>\n\t\t\t\t<\/div>\n\t\t\t\t\t<\/div>\n\t\t\t\t<\/div>\n\t\t\t\t<\/div>\n\t\t\t\t\t<\/div>\n\t\t\t\t<\/div>\n\t\t<div class=\"elementor-element elementor-element-4ddcfc0 e-flex e-con-boxed e-con e-parent\" data-id=\"4ddcfc0\" data-element_type=\"container\" data-e-type=\"container\">\n\t\t\t\t\t<div class=\"e-con-inner\">\n\t\t\t\t<div class=\"elementor-element elementor-element-6516294 titulos-azul elementor-widget elementor-widget-heading\" data-id=\"6516294\" data-element_type=\"widget\" data-e-type=\"widget\" data-widget_type=\"heading.default\">\n\t\t\t\t<div class=\"elementor-widget-container\">\n\t\t\t\t\t<h2 class=\"elementor-heading-title elementor-size-default\">Mi <span>blog <\/span> personal<\/h2>\t\t\t\t<\/div>\n\t\t\t\t<\/div>\n\t\t\t\t\t<\/div>\n\t\t\t\t<\/div>\n\t\t<div class=\"elementor-element elementor-element-840dfce e-flex e-con-boxed e-con e-parent\" data-id=\"840dfce\" data-element_type=\"container\" data-e-type=\"container\">\n\t\t\t\t\t<div class=\"e-con-inner\">\n\t\t\t\t<div class=\"elementor-element elementor-element-51196af elementor-grid-4 elementor-grid-tablet-2 elementor-grid-mobile-1 elementor-posts--thumbnail-top elementor-widget elementor-widget-posts\" data-id=\"51196af\" data-element_type=\"widget\" data-e-type=\"widget\" data-settings=\"{&quot;classic_columns&quot;:&quot;4&quot;,&quot;classic_columns_tablet&quot;:&quot;2&quot;,&quot;classic_columns_mobile&quot;:&quot;1&quot;,&quot;classic_row_gap&quot;:{&quot;unit&quot;:&quot;px&quot;,&quot;size&quot;:35,&quot;sizes&quot;:[]},&quot;classic_row_gap_widescreen&quot;:{&quot;unit&quot;:&quot;px&quot;,&quot;size&quot;:&quot;&quot;,&quot;sizes&quot;:[]},&quot;classic_row_gap_laptop&quot;:{&quot;unit&quot;:&quot;px&quot;,&quot;size&quot;:&quot;&quot;,&quot;sizes&quot;:[]},&quot;classic_row_gap_tablet&quot;:{&quot;unit&quot;:&quot;px&quot;,&quot;size&quot;:&quot;&quot;,&quot;sizes&quot;:[]},&quot;classic_row_gap_mobile&quot;:{&quot;unit&quot;:&quot;px&quot;,&quot;size&quot;:&quot;&quot;,&quot;sizes&quot;:[]}}\" data-widget_type=\"posts.classic\">\n\t\t\t\t<div class=\"elementor-widget-container\">\n\t\t\t\t\t\t\t<div class=\"elementor-posts-container elementor-posts elementor-posts--skin-classic elementor-grid\" role=\"list\">\n\t\t\t\t<article class=\"elementor-post elementor-grid-item post-10103 post type-post status-publish format-standard has-post-thumbnail hentry category-sin-categoria\" role=\"listitem\">\n\t\t\t\t<a class=\"elementor-post__thumbnail__link\" href=\"https:\/\/naaloo.com\/pt\/datos-en-recursos-humanos-el-aliado-clave\/\" tabindex=\"-1\" >\n\t\t\t<div class=\"elementor-post__thumbnail\"><img decoding=\"async\" width=\"1600\" height=\"800\" src=\"https:\/\/naaloo.com\/wp-content\/uploads\/2025\/04\/image-1.jpg\" class=\"attachment-full size-full wp-image-10102\" alt=\"Mauro Gesuitti\" srcset=\"https:\/\/naaloo.com\/wp-content\/uploads\/2025\/04\/image-1.jpg 1600w, https:\/\/naaloo.com\/wp-content\/uploads\/2025\/04\/image-1-300x150.jpg 300w, https:\/\/naaloo.com\/wp-content\/uploads\/2025\/04\/image-1-1024x512.jpg 1024w, https:\/\/naaloo.com\/wp-content\/uploads\/2025\/04\/image-1-768x384.jpg 768w, https:\/\/naaloo.com\/wp-content\/uploads\/2025\/04\/image-1-1536x768.jpg 1536w\" sizes=\"(max-width: 1600px) 100vw, 1600px\" \/><\/div>\n\t\t<\/a>\n\t\t\t\t<div class=\"elementor-post__text\">\n\t\t\t\t<h3 class=\"elementor-post__title\">\n\t\t\t<a href=\"https:\/\/naaloo.com\/pt\/datos-en-recursos-humanos-el-aliado-clave\/\" >\n\t\t\t\tDatos en recursos humanos: El aliado clave\t\t\t<\/a>\n\t\t<\/h3>\n\t\t\n\t\t<a class=\"elementor-post__read-more\" href=\"https:\/\/naaloo.com\/pt\/datos-en-recursos-humanos-el-aliado-clave\/\" aria-label=\"Leia mais sobre Datos en recursos humanos: El aliado clave\" tabindex=\"-1\" >\n\t\t\tLeer m\u00e1s \u00bb\t\t<\/a>\n\n\t\t\t\t<\/div>\n\t\t\t\t<\/article>\n\t\t\t\t<article class=\"elementor-post elementor-grid-item post-9779 post type-post status-publish format-standard has-post-thumbnail hentry category-sin-categoria\" role=\"listitem\">\n\t\t\t\t<a class=\"elementor-post__thumbnail__link\" href=\"https:\/\/naaloo.com\/pt\/mas-de-10-proyectos-en-naaloo-hr-como-es-posible\/\" tabindex=\"-1\" >\n\t\t\t<div class=\"elementor-post__thumbnail\"><img decoding=\"async\" width=\"1600\" height=\"800\" src=\"https:\/\/naaloo.com\/wp-content\/uploads\/2025\/03\/image-6.jpg\" class=\"attachment-full size-full wp-image-9778\" alt=\"Imagen de Naaloo, software de gesti\u00f3n de RRHH\" srcset=\"https:\/\/naaloo.com\/wp-content\/uploads\/2025\/03\/image-6.jpg 1600w, https:\/\/naaloo.com\/wp-content\/uploads\/2025\/03\/image-6-300x150.jpg 300w, https:\/\/naaloo.com\/wp-content\/uploads\/2025\/03\/image-6-1024x512.jpg 1024w, https:\/\/naaloo.com\/wp-content\/uploads\/2025\/03\/image-6-768x384.jpg 768w, https:\/\/naaloo.com\/wp-content\/uploads\/2025\/03\/image-6-1536x768.jpg 1536w\" sizes=\"(max-width: 1600px) 100vw, 1600px\" \/><\/div>\n\t\t<\/a>\n\t\t\t\t<div class=\"elementor-post__text\">\n\t\t\t\t<h3 class=\"elementor-post__title\">\n\t\t\t<a href=\"https:\/\/naaloo.com\/pt\/mas-de-10-proyectos-en-naaloo-hr-como-es-posible\/\" >\n\t\t\t\tM\u00e1s de 10 proyectos en Naaloo HR: \u00bfC\u00f3mo es posible?\t\t\t<\/a>\n\t\t<\/h3>\n\t\t\n\t\t<a class=\"elementor-post__read-more\" href=\"https:\/\/naaloo.com\/pt\/mas-de-10-proyectos-en-naaloo-hr-como-es-posible\/\" aria-label=\"Leia mais sobre M\u00e1s de 10 proyectos en Naaloo HR: \u00bfC\u00f3mo es posible?\" tabindex=\"-1\" >\n\t\t\tLeer m\u00e1s \u00bb\t\t<\/a>\n\n\t\t\t\t<\/div>\n\t\t\t\t<\/article>\n\t\t\t\t<article class=\"elementor-post elementor-grid-item post-9736 post type-post status-publish format-standard has-post-thumbnail hentry category-sin-categoria\" role=\"listitem\">\n\t\t\t\t<a class=\"elementor-post__thumbnail__link\" href=\"https:\/\/naaloo.com\/pt\/delivery-en-startups-saas-la-clave-del-exito\/\" tabindex=\"-1\" >\n\t\t\t<div class=\"elementor-post__thumbnail\"><img loading=\"lazy\" decoding=\"async\" width=\"1600\" height=\"800\" src=\"https:\/\/naaloo.com\/wp-content\/uploads\/2025\/03\/image-1.jpg\" class=\"attachment-full size-full wp-image-9735\" alt=\"Imagen de Naaloo, software de gesti\u00f3n de RRHH\" srcset=\"https:\/\/naaloo.com\/wp-content\/uploads\/2025\/03\/image-1.jpg 1600w, https:\/\/naaloo.com\/wp-content\/uploads\/2025\/03\/image-1-300x150.jpg 300w, https:\/\/naaloo.com\/wp-content\/uploads\/2025\/03\/image-1-1024x512.jpg 1024w, https:\/\/naaloo.com\/wp-content\/uploads\/2025\/03\/image-1-768x384.jpg 768w, https:\/\/naaloo.com\/wp-content\/uploads\/2025\/03\/image-1-1536x768.jpg 1536w\" sizes=\"(max-width: 1600px) 100vw, 1600px\" \/><\/div>\n\t\t<\/a>\n\t\t\t\t<div class=\"elementor-post__text\">\n\t\t\t\t<h3 class=\"elementor-post__title\">\n\t\t\t<a href=\"https:\/\/naaloo.com\/pt\/delivery-en-startups-saas-la-clave-del-exito\/\" >\n\t\t\t\tDelivery en startups SaaS: La clave del \u00e9xito\t\t\t<\/a>\n\t\t<\/h3>\n\t\t\n\t\t<a class=\"elementor-post__read-more\" href=\"https:\/\/naaloo.com\/pt\/delivery-en-startups-saas-la-clave-del-exito\/\" aria-label=\"Leia mais sobre Delivery en startups SaaS: La clave del \u00e9xito\" tabindex=\"-1\" >\n\t\t\tLeer m\u00e1s \u00bb\t\t<\/a>\n\n\t\t\t\t<\/div>\n\t\t\t\t<\/article>\n\t\t\t\t<article class=\"elementor-post elementor-grid-item post-9730 post type-post status-publish format-standard has-post-thumbnail hentry category-sin-categoria\" role=\"listitem\">\n\t\t\t\t<a class=\"elementor-post__thumbnail__link\" href=\"https:\/\/naaloo.com\/pt\/arquitectura-de-rrhh-en-los-90s-monolitos-y-visual-basic\/\" tabindex=\"-1\" >\n\t\t\t<div class=\"elementor-post__thumbnail\"><img loading=\"lazy\" decoding=\"async\" width=\"1600\" height=\"800\" src=\"https:\/\/naaloo.com\/wp-content\/uploads\/2025\/03\/image-1.png\" class=\"attachment-full size-full wp-image-9729\" alt=\"Imagen de Naaloo, software de gesti\u00f3n de RRHH\" srcset=\"https:\/\/naaloo.com\/wp-content\/uploads\/2025\/03\/image-1.png 1600w, https:\/\/naaloo.com\/wp-content\/uploads\/2025\/03\/image-1-300x150.png 300w, https:\/\/naaloo.com\/wp-content\/uploads\/2025\/03\/image-1-1024x512.png 1024w, https:\/\/naaloo.com\/wp-content\/uploads\/2025\/03\/image-1-768x384.png 768w, https:\/\/naaloo.com\/wp-content\/uploads\/2025\/03\/image-1-1536x768.png 1536w\" sizes=\"(max-width: 1600px) 100vw, 1600px\" \/><\/div>\n\t\t<\/a>\n\t\t\t\t<div class=\"elementor-post__text\">\n\t\t\t\t<h3 class=\"elementor-post__title\">\n\t\t\t<a href=\"https:\/\/naaloo.com\/pt\/arquitectura-de-rrhh-en-los-90s-monolitos-y-visual-basic\/\" >\n\t\t\t\tArquitectura de RRHH en los 90s: Monolitos y Visual Basic\t\t\t<\/a>\n\t\t<\/h3>\n\t\t\n\t\t<a class=\"elementor-post__read-more\" href=\"https:\/\/naaloo.com\/pt\/arquitectura-de-rrhh-en-los-90s-monolitos-y-visual-basic\/\" aria-label=\"Leia mais sobre Arquitectura de RRHH en los 90s: Monolitos y Visual Basic\" tabindex=\"-1\" >\n\t\t\tLeer m\u00e1s \u00bb\t\t<\/a>\n\n\t\t\t\t<\/div>\n\t\t\t\t<\/article>\n\t\t\t\t<article class=\"elementor-post elementor-grid-item post-9728 post type-post status-publish format-standard has-post-thumbnail hentry category-sin-categoria\" role=\"listitem\">\n\t\t\t\t<a class=\"elementor-post__thumbnail__link\" href=\"https:\/\/naaloo.com\/pt\/de-los-libros-a-tu-empresa-la-teoria-en-accion\/\" tabindex=\"-1\" >\n\t\t\t<div class=\"elementor-post__thumbnail\"><img loading=\"lazy\" decoding=\"async\" width=\"1600\" height=\"800\" src=\"https:\/\/naaloo.com\/wp-content\/uploads\/2025\/03\/image.png\" class=\"attachment-full size-full wp-image-9727\" alt=\"Imagen de Naaloo, software de gesti\u00f3n de RRHH\" srcset=\"https:\/\/naaloo.com\/wp-content\/uploads\/2025\/03\/image.png 1600w, https:\/\/naaloo.com\/wp-content\/uploads\/2025\/03\/image-300x150.png 300w, https:\/\/naaloo.com\/wp-content\/uploads\/2025\/03\/image-1024x512.png 1024w, https:\/\/naaloo.com\/wp-content\/uploads\/2025\/03\/image-768x384.png 768w, https:\/\/naaloo.com\/wp-content\/uploads\/2025\/03\/image-1536x768.png 1536w\" sizes=\"(max-width: 1600px) 100vw, 1600px\" \/><\/div>\n\t\t<\/a>\n\t\t\t\t<div class=\"elementor-post__text\">\n\t\t\t\t<h3 class=\"elementor-post__title\">\n\t\t\t<a href=\"https:\/\/naaloo.com\/pt\/de-los-libros-a-tu-empresa-la-teoria-en-accion\/\" >\n\t\t\t\tDe los libros a tu empresa: La teor\u00eda en acci\u00f3n\t\t\t<\/a>\n\t\t<\/h3>\n\t\t\n\t\t<a class=\"elementor-post__read-more\" href=\"https:\/\/naaloo.com\/pt\/de-los-libros-a-tu-empresa-la-teoria-en-accion\/\" aria-label=\"Leia mais sobre De los libros a tu empresa: La teor\u00eda en acci\u00f3n\" tabindex=\"-1\" >\n\t\t\tLeer m\u00e1s \u00bb\t\t<\/a>\n\n\t\t\t\t<\/div>\n\t\t\t\t<\/article>\n\t\t\t\t<article class=\"elementor-post elementor-grid-item post-9732 post type-post status-publish format-standard has-post-thumbnail hentry category-sin-categoria\" role=\"listitem\">\n\t\t\t\t<a class=\"elementor-post__thumbnail__link\" href=\"https:\/\/naaloo.com\/pt\/leccion-de-vida-en-1-peso-por-dia\/\" tabindex=\"-1\" >\n\t\t\t<div class=\"elementor-post__thumbnail\"><img loading=\"lazy\" decoding=\"async\" width=\"1600\" height=\"800\" src=\"https:\/\/naaloo.com\/wp-content\/uploads\/2025\/03\/image-2.png\" class=\"attachment-full size-full wp-image-9731\" alt=\"Imagen de Naaloo, software de gesti\u00f3n de RRHH\" srcset=\"https:\/\/naaloo.com\/wp-content\/uploads\/2025\/03\/image-2.png 1600w, https:\/\/naaloo.com\/wp-content\/uploads\/2025\/03\/image-2-300x150.png 300w, https:\/\/naaloo.com\/wp-content\/uploads\/2025\/03\/image-2-1024x512.png 1024w, https:\/\/naaloo.com\/wp-content\/uploads\/2025\/03\/image-2-768x384.png 768w, https:\/\/naaloo.com\/wp-content\/uploads\/2025\/03\/image-2-1536x768.png 1536w\" sizes=\"(max-width: 1600px) 100vw, 1600px\" \/><\/div>\n\t\t<\/a>\n\t\t\t\t<div class=\"elementor-post__text\">\n\t\t\t\t<h3 class=\"elementor-post__title\">\n\t\t\t<a href=\"https:\/\/naaloo.com\/pt\/leccion-de-vida-en-1-peso-por-dia\/\" >\n\t\t\t\tLecci\u00f3n de vida en 1 peso por d\u00eda\t\t\t<\/a>\n\t\t<\/h3>\n\t\t\n\t\t<a class=\"elementor-post__read-more\" href=\"https:\/\/naaloo.com\/pt\/leccion-de-vida-en-1-peso-por-dia\/\" aria-label=\"Leia mais sobre Lecci\u00f3n de vida en 1 peso por d\u00eda\" tabindex=\"-1\" >\n\t\t\tLeer m\u00e1s \u00bb\t\t<\/a>\n\n\t\t\t\t<\/div>\n\t\t\t\t<\/article>\n\t\t\t\t<\/div>\n\t\t\n\t\t\t\t\t\t<\/div>\n\t\t\t\t<\/div>\n\t\t\t\t\t<\/div>\n\t\t\t\t<\/div>\n\t\t\t\t<\/div>","protected":false},"excerpt":{"rendered":"<p>Mauro Gesuitti Soy Mauro Gesuitti, ingeniero de software frontend con m\u00e1s de 13 a\u00f1os de experiencia en el desarrollo de interfaces de usuario intuitivas y<\/p>","protected":false},"author":2,"featured_media":0,"parent":0,"menu_order":0,"comment_status":"closed","ping_status":"closed","template":"elementor_header_footer","meta":{"_acf_changed":false,"_joinchat":[],"footnotes":""},"class_list":["post-6257","page","type-page","status-publish","hentry"],"acf":[],"rank_math_focus_keyword":"","rank_math_description":"","rank_math_title":"","rank_math_robots":"","rank_math_score":"","_links":{"self":[{"href":"https:\/\/naaloo.com\/pt\/wp-json\/wp\/v2\/pages\/6257","targetHints":{"allow":["GET"]}}],"collection":[{"href":"https:\/\/naaloo.com\/pt\/wp-json\/wp\/v2\/pages"}],"about":[{"href":"https:\/\/naaloo.com\/pt\/wp-json\/wp\/v2\/types\/page"}],"author":[{"embeddable":true,"href":"https:\/\/naaloo.com\/pt\/wp-json\/wp\/v2\/users\/2"}],"replies":[{"embeddable":true,"href":"https:\/\/naaloo.com\/pt\/wp-json\/wp\/v2\/comments?post=6257"}],"version-history":[{"count":12,"href":"https:\/\/naaloo.com\/pt\/wp-json\/wp\/v2\/pages\/6257\/revisions"}],"predecessor-version":[{"id":11198,"href":"https:\/\/naaloo.com\/pt\/wp-json\/wp\/v2\/pages\/6257\/revisions\/11198"}],"wp:attachment":[{"href":"https:\/\/naaloo.com\/pt\/wp-json\/wp\/v2\/media?parent=6257"}],"curies":[{"name":"wp","href":"https:\/\/api.w.org\/{rel}","templated":true}]}}